{"id":51917,"date":"2025-03-31T16:11:22","date_gmt":"2025-03-31T15:11:22","guid":{"rendered":"https:\/\/www.medical-aesthetics.de\/?page_id=51917"},"modified":"2025-04-16T09:18:12","modified_gmt":"2025-04-16T08:18:12","slug":"exomind-muenchen","status":"publish","type":"page","link":"https:\/\/www.medical-aesthetics.de\/ru\/exomind-muenchen\/","title":{"rendered":"Exomind"},"content":{"rendered":"<div class=\"wpb-content-wrapper\"><p>[vc_row type=&#8221;1&#8243; bg_color=&#8221;#193864&#8243; bg_repeat=&#8221;repeat&#8221;][vc_column][vc_single_image image=&#8221;51918&#8243; img_size=&#8221;full&#8221; alignment=&#8221;center&#8221;][\/vc_column][\/vc_row][vc_row type=&#8221;1&#8243; padding_top=&#8221;20&#8243; padding_bottom=&#8221;20&#8243; bg_color=&#8221;#ffffff&#8221; bg_repeat=&#8221;repeat&#8221;][vc_column][vc_column_text]<\/p>\n<h1 style=\"text-align: center;\">EXOMIND M\u00dcNCHEN<\/h1>\n<p>[\/vc_column_text][\/vc_column][\/vc_row][vc_row][vc_column][vc_empty_space height=&#8221;30px&#8221;][\/vc_column][\/vc_row][vc_row content_placement=&#8221;top&#8221;][vc_column][vc_column_text]<b style=\"font-size: 13pt; color: #b16122!important;\">Wir bei medical-aesthetics in Gr\u00fcnwald unter Leitung von<br \/>\nFrau Dr. med. Leila Frohn sind stolz darauf Ihnen als erste Praxis in Deutschland EXOMIND pr\u00e4sentieren zu k\u00f6nnen.<\/b><\/p>\n<p><b style=\"font-size: 13pt; color: #b16122!important;\">EXOMIND in M\u00fcnchen Gr\u00fcnwald steht f\u00fcr eine v\u00f6llig neue Art die mentale Gesundheit zu f\u00f6rdern-ohne Medikamente, schmerzfrei und wissenschafltich fundiert.<\/b><\/p>\n<p><b style=\"font-size: 13pt; color: #b16122!important;\">Nach \u00fcber 20 Jahren in der \u00c4sthetik mit ganzheitlichem Ansatz ist uns bei Medical Aesthetics in M\u00fcnchen Gr\u00fcnwald sehr bewusst, wie wichtig die innere Balance und Ausgeglichenheit f\u00fcr uns Menschen ist.<\/b>[\/vc_column_text][vc_empty_space height=&#8221;80px&#8221;][\/vc_column][\/vc_row][vc_row][vc_column width=&#8221;1\/2&#8243;][vc_column_text css=&#8221;&#8221;]<\/p>\n<h2 style=\"font-size: 15pt!important; line-height: 23pt!important;\">EXOMIND-mentales wellbeing auf neuem Niveau<\/h2>\n<p>In einer Welt voller Stress, Informations\u00fcberflutung und permanenter Reize, wird geistiges Wohlbefinden, das sog. mental wellbeing, immer wichtiger.<br \/>\nEXOMIND von BTL ist eine bahnbrechende Behandlung, die modernste Neurotechnologie nutzt, um kognitive Funktionen zu optimieren, mentale Belastungen zu reduzieren und das allgemeine Wohlbefinden zu steigern.[\/vc_column_text][vc_empty_space height=&#8221;20px&#8221;][vc_column_text]<\/p>\n<h2 style=\"font-size: 15pt!important; line-height: 23pt!important;\">Was ist EXOMIND?<\/h2>\n<p>EXOMIND ist eine innovative, nicht-invasive Technologie, die mithilfe pr\u00e4ziser elektromagnetischer Stimulation neuronale Netzwerke im Gehirn gezielt aktiviert und wieder harmonisiert.<\/p>\n<p>Diese Stimulation sorgt f\u00fcr eine bessere neuronale Vernetzung (\u201eNeuroplastizit\u00e4t\u201c) und unser Gehirn kann sich dadurch an neue Reize besser anpassen und sie besser bew\u00e4ltigen. Im Laufe einer Reihe von Behandlungen (zwischen 4-6) erm\u00f6glicht uns EXOMIND verbesserte kognitive F\u00e4higkeiten, kann Stress reduzieren, die mentale Leistungsf\u00e4higkeit steigern und das allgemeine Wohlbefinden nachhaltig verbessern.<\/p>\n<p>Viele<span class=\"Apple-converted-space\">\u00a0 <\/span>Patienten berichten nach EXOMIND \u00fcber eine gl\u00fccklichere und ausgeglichenere Einstellung, verbesserte Motivation und Konzentration, eine bessere F\u00e4higkeit zur Regulierung ihrer Emotionen und ein insgesamt verbessertes Wohlbefinden.<\/p>\n<p>Und all dies ist ohne die Einnahme von Medikamenten m\u00f6glich.<\/p>\n<p>F\u00fcr genauere Erkl\u00e4rungen vereinbaren Sie gerne einen pers\u00f6nlichen Beratungstermin bei Frau Dr. med. Leila Frohn in Gr\u00fcnwald bei M\u00fcnchen unter 089 64186435 oder info@medical-aesthetics.de.[\/vc_column_text][vc_empty_space height=&#8221;20px&#8221;][vc_column_text]<\/p>\n<h2 style=\"font-size: 15pt!important; line-height: 23pt!important;\">Wie funktioniert Exomind?<\/h2>\n<p>Exomind nutzt hochentwickelte neurostimulierende Impulse, um die Gehirnaktivit\u00e4t auf nat\u00fcrliche Weise zu optimieren. Diese Impulse werden vom EXOMIND-Ger\u00e4t erzeugt, wenn es \u00fcber der Kopfhaut platziert wird.<br \/>\nDie Technologie von BTL arbeitet mit sanften elektromagnetischen Wellen, die bestimmte Gehirnareale stimulieren. Diese gezielte Stimulation f\u00fchrt zu:<br \/>\nVerbesserter Konzentration und geistiger Leistungsf\u00e4higkeit<br \/>\nReduzierung von Stress und mentaler Ersch\u00f6pfung<br \/>\nAusbalancierten neuronalen Mustern, die f\u00fcr Wohlbefinden und innere Ruhe sorgen<br \/>\nUnterst\u00fctzung der Regeneration nach mentaler Belastung<\/p>\n<p>Die Behandlung ist v\u00f6llig schmerzfrei, nicht-invasiv und erfordert keine Medikamente.[\/vc_column_text][\/vc_column][vc_column width=&#8221;1\/2&#8243;][vc_single_image image=&#8221;51937&#8243; img_size=&#8221;large&#8221; alignment=&#8221;center&#8221; css_animation=&#8221;fadeInLeft&#8221;][vc_empty_space height=&#8221;20px&#8221;][\/vc_column][\/vc_row][vc_row content_placement=&#8221;top&#8221;][vc_column][vc_empty_space height=&#8221;40px&#8221;][vc_column_text]<\/p>\n<h2 style=\"font-size: 15pt!important; line-height: 23pt!important;\">Was Sie erwartet<\/h2>\n<p>Zu Beginn der Behandlung wird das EXOMIND-Ger\u00e4t oberhalb der Kopfhaut positioniert. Das Ger\u00e4t erzeugt magnetische Impulse, die elektrische Str\u00f6me im Gehirn induzieren und so unteraktive Hirnregionen stimulieren.\u00a0W\u00e4hrend der Behandlung ruhen Sie sich bequem im Behandlungsraum aus. Sie k\u00f6nnen sich entspannen oder auch etwas lesen. Die Behandlung dauert ca. 30 Minuten, ist vollkommen schmerzfrei und erfordert weder Vorbereitung noch An\u00e4sthesie. Sie k\u00f6nnen Ihren Alltagsaktivit\u00e4ten unmittelbar nach der Behandlung wieder nachgehen.[\/vc_column_text][vc_empty_space height=&#8221;20px&#8221;][vc_single_image image=&#8221;51945&#8243; img_size=&#8221;large&#8221; alignment=&#8221;center&#8221; css_animation=&#8221;fadeInLeft&#8221;][vc_empty_space height=&#8221;20px&#8221;][vc_column_text]<\/p>\n<h2 style=\"font-size: 15pt!important; line-height: 23pt!important;\">Wie oft muss ich Exomind anwenden?<\/h2>\n<p>Die H\u00e4ufigkeit der Anwendung h\u00e4ngt von den individuellen Bed\u00fcrfnissen ab. Viele Anwender sp\u00fcren bereits nach wenigen Sitzungen (4) eine deutliche Verbesserung. F\u00fcr nachhaltige Ergebnisse wird eine kurze, aber regelm\u00e4\u00dfige Nutzung \u00fcber mehrere Wochen empfohlen. Eine Sitzung dauert in der Regel 20 bis 30 Minuten und kann problemlos in den Alltag integriert werden.[\/vc_column_text][\/vc_column][\/vc_row][vc_row content_placement=&#8221;top&#8221;][vc_column][vc_empty_space height=&#8221;80px&#8221;][\/vc_column][\/vc_row][vc_row content_placement=&#8221;top&#8221;][vc_column width=&#8221;2\/3&#8243;][vc_empty_space height=&#8221;40px&#8221;][vc_column_text]<\/p>\n<h2 style=\"font-size: 15pt!important; line-height: 23pt!important;\">Was kann Exomind f\u00fcr mich tun?<\/h2>\n<p>Exomind ist ideal f\u00fcr alle, die ihre mentale Leistungsf\u00e4higkeit steigern, Stress abbauen und ihr allgemeines Wohlbefinden verbessern m\u00f6chten.<span class=\"Apple-converted-space\">\u00a0<\/span><\/p>\n<p>Es eignet sich besonders f\u00fcr:<\/p>\n<p>Menschen mit Stressbelastung, die eine nat\u00fcrliche L\u00f6sung zur Entspannung suchen<\/p>\n<p>F\u00fchrungskr\u00e4fte und Unternehmer, die hohe mentale Anforderungen bew\u00e4ltigen m\u00fcssen<\/p>\n<p>Frauen, die durch hormonelle Umstellungen wie z.B. die Wechseljahre oder auch die Doppelbelastung von Familie und Beruf besonders gefordert sind<\/p>\n<p>Sportler und Kreative, die ihre mentale Klarheit und Fokus optimieren m\u00f6chten<\/p>\n<p><b>Die Behandlung ist von der FDA zur Behandlung von Depressionen<\/b>\u00a0zugelassen<\/p>\n<p>EXOMIND hilft bei Angst\u00f6rungen\u00a0<b>und<\/b>\u00a0kann chronischen Stress reduzieren.<\/p>\n<p>Wenn Sie das Gef\u00fchl haben, unter \u201e\u00a0<b>Gehirnnebel<\/b>\u00a0\u201c zu leiden oder Ihnen die geistige Energie fehlt, die Sie einmal hatten, kann EXOMIND f\u00fcr mehr\u00a0<b>Klarheit<\/b>\u00a0sorgen .<\/p>\n<p>Viele Patienten mit\u00a0<b>Schlaflosigkeit<\/b>\u00a0oder\u00a0<b>unregelm\u00e4\u00dfigem Schlafmuster<\/b>\u00a0berichten von einer Besserung nach einer Reihe von Behandlungen.<\/p>\n<p>EXOMIND kann auch den Kreislauf von Suchtverhalten wie \u00fcberm\u00e4\u00dfigem\u00a0<b>Essen<\/b>\u00a0oder\u00a0<b>Alkoholkonsum<\/b>\u00a0durchbrechen .<\/p>\n<p>Bei Patienten mit\u00a0<b>einer posttraumatischen Belastungsst\u00f6rung<\/b>\u00a0(PTBS) zeigten sich nach einer Behandlungsreihe Verbesserungen.<\/p>\n<p>EXOMIND eignet sich f\u00fcr Jeden, der sich mehr innere Ruhe und geistige Balance w\u00fcnscht<\/p>\n<p><b>Erleben Sie die Zukunft des mentalen wellbeings in Gr\u00fcnwald bei M\u00fcnchen<\/b><\/p>\n<p>Mit EXOMIND von BTL wird mentales Wohlbefinden auf ein v\u00f6llig neues Niveau gehoben: Mehr Fokus, weniger Stress und ein harmonisches Lebensgef\u00fchl<\/p>\n<p>Lassen Sie sich gerne pers\u00f6nlich von Frau Dr. Leila Frohn in Gr\u00fcnwald bei M\u00fcnchen beraten.[\/vc_column_text][vc_empty_space height=&#8221;40px&#8221;][\/vc_column][vc_column width=&#8221;1\/3&#8243;][vc_column_text]<video controls=\"controls\" width=\"960\" height=\"400\"><source src=\"https:\/\/www.medical-aesthetics.de\/wp-content\/uploads\/2025\/04\/video_full_compressed_under_10mb.mp4\" type=\"video\/mp4\" \/>Your browser does not support the video tag.<\/video>[\/vc_column_text][\/vc_column][\/vc_row][vc_row content_placement=&#8221;top&#8221;][vc_column width=&#8221;1\/4&#8243;][vc_empty_space height=&#8221;40px&#8221;][vc_single_image image=&#8221;37814&#8243; img_size=&#8221;medium&#8221;][\/vc_column][vc_column width=&#8221;3\/4&#8243;][vc_empty_space height=&#8221;40px&#8221;][vc_column_text]<\/p>\n<h2 style=\"font-size: 15pt!important; line-height: 23pt!important;\"><span style=\"color: #b16122;\">Frau Dr. Leila Frohn in Gr\u00fcnwald bei M\u00fcnchen ber\u00e4t Sie sehr gerne zu EXOMIND.<\/span><\/h2>\n<p><strong>Vereinbaren Sie jetzt Ihren Beratungstermin unter <span style=\"color: #b16122;\">089-64186435.<\/span><\/strong>[\/vc_column_text][vc_empty_space height=&#8221;80px&#8221;][\/vc_column][\/vc_row][vc_column offset=&#8221;vc_col-lg-12 vc_col-md-12 vc_col-xs-12&#8243;][\/vc_column]<section id=\"benefits-grid-1\" class=\"benefits-grid wf-container light-bg light-hover-bg custom-icon-color accent-icon-hover-color\" data-width=\"250px\" data-columns=\"3\"><style type=\"text\/css\">#benefits-grid-1 .benefits-grid-ico > i { font-size: 80px; line-height: 80px; }#benefits-grid-1.custom-icon-color .benefits-grid-ico > i,\n\t\t\t\t\t#benefits-grid-1.custom-icon-color .benefits-grid-ico > i:before { color: #ffffff; }<\/style><div class=\"wf-cell\"><div><div class=\"text-small\"><div class=\"benefit-line-decoration\"><a href=\"https:\/\/www.medical-aesthetics.de\/vanquish-me-radiofrequenz-muenchen\/\" class=\"benefits-grid-ico layzr-bg fadeInDown animate-element\"><img loading=\"lazy\" decoding=\"async\" class=\"lazy-load\" src=\"data:image\/svg+xml;charset=utf-8,%3Csvg xmlns%3D&#039;http%3A%2F%2Fwww.w3.org%2F2000%2Fsvg&#039; viewBox%3D&#039;0 0 241 200&#039;%2F%3E\" width=\"241\" height=\"200\" alt=\"&lt;h2&gt;Vanquish Me&lt;\/h2&gt;\" data-srcset=\"https:\/\/www.medical-aesthetics.de\/wp-content\/uploads\/2013\/09\/kryolipolyse.jpg 241w\" data-src=\"https:\/\/www.medical-aesthetics.de\/wp-content\/uploads\/2013\/09\/kryolipolyse.jpg\" \/><\/a><h5 class=\"benefit-title\"><a href=\"https:\/\/www.medical-aesthetics.de\/vanquish-me-radiofrequenz-muenchen\/\"><h2>Vanquish Me<\/h2><\/a><\/h5><\/div><\/div><\/div><\/div><div class=\"wf-cell\"><div><div class=\"text-small\"><div class=\"benefit-line-decoration\"><a href=\"https:\/\/www.medical-aesthetics.de\/fadenlifting-muenchen-softlifting-gruenwald\/\" class=\"benefits-grid-ico layzr-bg fadeInDown animate-element\"><img loading=\"lazy\" decoding=\"async\" class=\"lazy-load\" src=\"data:image\/svg+xml;charset=utf-8,%3Csvg xmlns%3D&#039;http%3A%2F%2Fwww.w3.org%2F2000%2Fsvg&#039; viewBox%3D&#039;0 0 241 200&#039;%2F%3E\" width=\"241\" height=\"200\" alt=\"&lt;h2&gt;Fadenlifting&lt;\/h2&gt;\" data-srcset=\"https:\/\/www.medical-aesthetics.de\/wp-content\/uploads\/2013\/09\/fadenlifting.jpg 241w\" data-src=\"https:\/\/www.medical-aesthetics.de\/wp-content\/uploads\/2013\/09\/fadenlifting.jpg\" \/><\/a><h5 class=\"benefit-title\"><a href=\"https:\/\/www.medical-aesthetics.de\/fadenlifting-muenchen-softlifting-gruenwald\/\"><h2>Fadenlifting<\/h2><\/a><\/h5><\/div><\/div><\/div><\/div><div class=\"wf-cell\"><div><div class=\"text-small\"><div class=\"benefit-line-decoration\"><a href=\"https:\/\/www.medical-aesthetics.de\/faltenbehandlung-muenchen-gruenwald\/\" class=\"benefits-grid-ico layzr-bg fadeInDown animate-element\"><img loading=\"lazy\" decoding=\"async\" class=\"lazy-load\" src=\"data:image\/svg+xml;charset=utf-8,%3Csvg xmlns%3D&#039;http%3A%2F%2Fwww.w3.org%2F2000%2Fsvg&#039; viewBox%3D&#039;0 0 241 200&#039;%2F%3E\" width=\"241\" height=\"200\" alt=\"&lt;h2&gt;Faltenbehandlung&lt;\/h2&gt;\" data-srcset=\"https:\/\/www.medical-aesthetics.de\/wp-content\/uploads\/2013\/09\/faltenbehandlung.jpg 241w\" data-src=\"https:\/\/www.medical-aesthetics.de\/wp-content\/uploads\/2013\/09\/faltenbehandlung.jpg\" \/><\/a><h5 class=\"benefit-title\"><a href=\"https:\/\/www.medical-aesthetics.de\/faltenbehandlung-muenchen-gruenwald\/\"><h2>Faltenbehandlung<\/h2><\/a><\/h5><\/div><\/div><\/div><\/div><\/section>[vc_empty_space height=&#8221;40px&#8221;]<\/p>\n<\/div>","protected":false},"excerpt":{"rendered":"<p>[vc_row type=&#8221;1&#8243; bg_color=&#8221;#193864&#8243; bg_repeat=&#8221;repeat&#8221;][vc_column][vc_single_image image=&#8221;51918&#8243; img_size=&#8221;full&#8221; alignment=&#8221;center&#8221;][\/vc_column][\/vc_row][vc_row type=&#8221;1&#8243; padding_top=&#8221;20&#8243; padding_bottom=&#8221;20&#8243; bg_color=&#8221;#ffffff&#8221; bg_repeat=&#8221;repeat&#8221;][vc_column][vc_column_text] EXOMIND M\u00dcNCHEN [\/vc_column_text][\/vc_column][\/vc_row][vc_row][vc_column][vc_empty_space height=&#8221;30px&#8221;][\/vc_column][\/vc_row][vc_row content_placement=&#8221;top&#8221;][vc_column][vc_column_text]Wir bei medical-aesthetics in Gr\u00fcnwald unter Leitung von Frau Dr. med. Leila Frohn sind stolz darauf Ihnen als erste Praxis in Deutschland EXOMIND pr\u00e4sentieren zu k\u00f6nnen. EXOMIND in M\u00fcnchen Gr\u00fcnwald steht f\u00fcr eine v\u00f6llig neue Art die mentale Gesundheit&hellip;<\/p>\n","protected":false},"author":1,"featured_media":0,"parent":0,"menu_order":0,"comment_status":"closed","ping_status":"closed","template":"","meta":{"footnotes":""},"class_list":["post-51917","page","type-page","status-publish","hentry","description-off"],"translation":{"provider":"WPGlobus","version":"3.0.0","language":"ru","enabled_languages":["de","en","ru","ar"],"languages":{"de":{"title":true,"content":true,"excerpt":false},"en":{"title":false,"content":false,"excerpt":false},"ru":{"title":false,"content":false,"excerpt":false},"ar":{"title":false,"content":false,"excerpt":false}}},"aioseo_notices":[],"_links":{"self":[{"href":"https:\/\/www.medical-aesthetics.de\/ru\/wp-json\/wp\/v2\/pages\/51917","targetHints":{"allow":["GET"]}}],"collection":[{"href":"https:\/\/www.medical-aesthetics.de\/ru\/wp-json\/wp\/v2\/pages"}],"about":[{"href":"https:\/\/www.medical-aesthetics.de\/ru\/wp-json\/wp\/v2\/types\/page"}],"author":[{"embeddable":true,"href":"https:\/\/www.medical-aesthetics.de\/ru\/wp-json\/wp\/v2\/users\/1"}],"replies":[{"embeddable":true,"href":"https:\/\/www.medical-aesthetics.de\/ru\/wp-json\/wp\/v2\/comments?post=51917"}],"version-history":[{"count":24,"href":"https:\/\/www.medical-aesthetics.de\/ru\/wp-json\/wp\/v2\/pages\/51917\/revisions"}],"predecessor-version":[{"id":51966,"href":"https:\/\/www.medical-aesthetics.de\/ru\/wp-json\/wp\/v2\/pages\/51917\/revisions\/51966"}],"wp:attachment":[{"href":"https:\/\/www.medical-aesthetics.de\/ru\/wp-json\/wp\/v2\/media?parent=51917"}],"curies":[{"name":"wp","href":"https:\/\/api.w.org\/{rel}","templated":true}]}}