{"id":36499,"date":"2016-06-06T16:34:28","date_gmt":"2016-06-06T15:34:28","guid":{"rendered":"https:\/\/www.medical-aesthetics.de\/?page_id=36499"},"modified":"2018-06-15T14:11:37","modified_gmt":"2018-06-15T13:11:37","slug":"kryolipolyse-muenchen-gruenwald","status":"publish","type":"page","link":"https:\/\/www.medical-aesthetics.de\/ru\/kryolipolyse-muenchen-gruenwald\/","title":{"rendered":"kryolipolyse M\u00dcNCHEN"},"content":{"rendered":"<div class=\"wpb-content-wrapper\"><p>[vc_row type=&#8221;1&#8243; bg_repeat=&#8221;repeat&#8221; padding_top=&#8221;55&#8243; padding_bottom=&#8221;20&#8243;][vc_column width=&#8221;1\/2&#8243;][vc_single_image image=&#8221;36846&#8243; img_size=&#8221;546&#215;500&#8243; alignment=&#8221;center&#8221; css_animation=&#8221;fadeInLeft&#8221;][vc_empty_space height=&#8221;10px&#8221;][vc_empty_space height=&#8221;20px&#8221;][vc_empty_space height=&#8221;40px&#8221;][\/vc_column][vc_column width=&#8221;1\/2&#8243;][vc_column_text]<\/p>\n<h2 style=\"text-align: center;\">KRYOLIPOLYSE M\u00dcNCHEN<\/h2>\n<p>[\/vc_column_text][vc_empty_space height=&#8221;20px&#8221;][vc_column_text]An einigen K\u00f6rperstellen k\u00f6nnen Fettp\u00f6lsterchen auch trotz strenger Di\u00e4t und gezieltem Sporttraining hartn\u00e4ckig bleiben. Typisch hierf\u00fcr ist die gef\u00fcrchtete Bauch-Beine-Po-Problemzone. Um diese Fettzellen dennoch effektiv und langfristig behandeln zu k\u00f6nnen, f\u00fchrt \u00c4rztin Dr. Frohn in M\u00fcnchen die Kryolipolyse durch.<\/p>\n<p><u>Schlank werden mit einer Kryolipolyse in M\u00fcnchen<\/u><\/p>\n<p>Die Kryolipolyse in M\u00fcnchen ist die dauerhafte Entfernung kleiner Fettp\u00f6lsterchen mit Hilfe von K\u00e4lte. Dabei nutzt man einen nat\u00fcrlichen Stoffwechselmechanismus des K\u00f6rpers aus, die sogenannte Apoptose. Fettzellen sind n\u00e4mlich im Vergleich zu anderen Zellen besonders k\u00e4lteempfindlich und schalten bereits bei einer Temperatur von +4 Grad allm\u00e4hlich ihre Zellaktivit\u00e4ten ab.<\/p>\n<p>Die Fettzellen kristallisieren und werden innerhalb der n\u00e4chsten Tage und Wochen schrittweise vom Stoffwechsel abgebaut. Andere Zellen werden bei der Kryolipolyse-Behandlung nicht gesch\u00e4digt. Das endg\u00fcltige Ergebnis ist nach circa drei Monaten zu erwarten. Durch den Umbau von Fett in Bindegewebe ist auch ein zus\u00e4tzlicher Straffungseffekt zu erwarten.[\/vc_column_text][\/vc_column][vc_column][vc_column_text]So verringert die Kryolipolyse in M\u00fcnchen dauerhaft Fettzellen durch kurzfristige lokale K\u00fchlung. Das Besondere an der Kryolipolyse ist, dass es sich dabei um eine nicht-invasive Beauty-Behandlung handelt. Die Kryolipolyse in der Praxis von Dr. Frohn in M\u00fcnchen ist also keine Operation und keine Fettabsaugung im eigentlichen Sinn. Das st\u00f6rende Fett wird nach der K\u00fchlung vom K\u00f6rper selbst abtransportiert. Deshalb ist das Verfahren absolut schmerzfrei, besonders schonend und risikoarm. Klinische Studien belegen zudem die Wirksamkeit der Methode. Zus\u00e4tzlich wird das Gewebe w\u00e4hrend der Behandlung mit Laserlicht und EMS gestrafft und entschlackt.<\/p>\n<p><u>Verabschieden Sie sich mit Hilfe von Kryolipolyse von Ihren Fettzellen!<\/u><\/p>\n<p>Haben Sie l\u00e4stige Fettp\u00f6lsterchen, die auch trotz gesunder Ern\u00e4hrung und Sport, hartn\u00e4ckig bestehen bleiben? Stehen Sie Operationen eher skeptisch gegen\u00fcber? Dann ist die Kryolipolyse in M\u00fcnchen die ideale Alternative f\u00fcr Sie! Ohne Injektion und chirurgischem Eingriff werden sich Ihre Problemzonen regelrecht in Luft aufl\u00f6sen!<\/p>\n<p>Fett einfach wegschmelzen? Nicht mit Kryolipolyse! Kristallisieren Sie Ihr Fett lieber einfach weg! Schmerzfrei, schonend und risikoarm \u2013 lassen Sie Ihre Fettp\u00f6lsterchen mit Hilfe von Kryolipolyse in der Praxis f\u00fcr \u00e4sthetische Medizin von Dr. Frohn in M\u00fcnchen einfach verschwinden![\/vc_column_text][vc_empty_space height=&#8221;10px&#8221;][vc_empty_space height=&#8221;20px&#8221;][\/vc_column][\/vc_row][vc_row][vc_column][\/vc_column][\/vc_row][vc_row margin_top=&#8221;5&#8243; margin_bottom=&#8221;20&#8243;][\/vc_row][vc_column offset=&#8221;vc_col-lg-12 vc_col-md-12 vc_col-xs-12&#8243;][\/vc_column]<section id=\"benefits-grid-1\" class=\"benefits-grid wf-container light-bg light-hover-bg custom-icon-color accent-icon-hover-color\" data-width=\"250px\" data-columns=\"3\"><style type=\"text\/css\">#benefits-grid-1 .benefits-grid-ico > i { font-size: 80px; line-height: 80px; }#benefits-grid-1.custom-icon-color .benefits-grid-ico > i,\n\t\t\t\t\t#benefits-grid-1.custom-icon-color .benefits-grid-ico > i:before { color: #ffffff; }<\/style><div class=\"wf-cell\"><div><div class=\"text-small\"><div class=\"benefit-line-decoration\"><a href=\"https:\/\/www.medical-aesthetics.de\/vanquish-me-radiofrequenz-muenchen\/\" class=\"benefits-grid-ico layzr-bg fadeInDown animate-element\"><img loading=\"lazy\" decoding=\"async\" class=\"lazy-load\" src=\"data:image\/svg+xml;charset=utf-8,%3Csvg xmlns%3D&#039;http%3A%2F%2Fwww.w3.org%2F2000%2Fsvg&#039; viewBox%3D&#039;0 0 241 200&#039;%2F%3E\" width=\"241\" height=\"200\" alt=\"&lt;h2&gt;Vanquish Me&lt;\/h2&gt;\" data-srcset=\"https:\/\/www.medical-aesthetics.de\/wp-content\/uploads\/2013\/09\/kryolipolyse.jpg 241w\" data-src=\"https:\/\/www.medical-aesthetics.de\/wp-content\/uploads\/2013\/09\/kryolipolyse.jpg\" \/><\/a><h5 class=\"benefit-title\"><a href=\"https:\/\/www.medical-aesthetics.de\/vanquish-me-radiofrequenz-muenchen\/\"><h2>Vanquish Me<\/h2><\/a><\/h5><\/div><\/div><\/div><\/div><div class=\"wf-cell\"><div><div class=\"text-small\"><div class=\"benefit-line-decoration\"><a href=\"https:\/\/www.medical-aesthetics.de\/fadenlifting-muenchen-softlifting-gruenwald\/\" class=\"benefits-grid-ico layzr-bg fadeInDown animate-element\"><img loading=\"lazy\" decoding=\"async\" class=\"lazy-load\" src=\"data:image\/svg+xml;charset=utf-8,%3Csvg xmlns%3D&#039;http%3A%2F%2Fwww.w3.org%2F2000%2Fsvg&#039; viewBox%3D&#039;0 0 241 200&#039;%2F%3E\" width=\"241\" height=\"200\" alt=\"&lt;h2&gt;Fadenlifting&lt;\/h2&gt;\" data-srcset=\"https:\/\/www.medical-aesthetics.de\/wp-content\/uploads\/2013\/09\/fadenlifting.jpg 241w\" data-src=\"https:\/\/www.medical-aesthetics.de\/wp-content\/uploads\/2013\/09\/fadenlifting.jpg\" \/><\/a><h5 class=\"benefit-title\"><a href=\"https:\/\/www.medical-aesthetics.de\/fadenlifting-muenchen-softlifting-gruenwald\/\"><h2>Fadenlifting<\/h2><\/a><\/h5><\/div><\/div><\/div><\/div><div class=\"wf-cell\"><div><div class=\"text-small\"><div class=\"benefit-line-decoration\"><a href=\"https:\/\/www.medical-aesthetics.de\/faltenbehandlung-muenchen-gruenwald\/\" class=\"benefits-grid-ico layzr-bg fadeInDown animate-element\"><img loading=\"lazy\" decoding=\"async\" class=\"lazy-load\" src=\"data:image\/svg+xml;charset=utf-8,%3Csvg xmlns%3D&#039;http%3A%2F%2Fwww.w3.org%2F2000%2Fsvg&#039; viewBox%3D&#039;0 0 241 200&#039;%2F%3E\" width=\"241\" height=\"200\" alt=\"&lt;h2&gt;Faltenbehandlung&lt;\/h2&gt;\" data-srcset=\"https:\/\/www.medical-aesthetics.de\/wp-content\/uploads\/2013\/09\/faltenbehandlung.jpg 241w\" data-src=\"https:\/\/www.medical-aesthetics.de\/wp-content\/uploads\/2013\/09\/faltenbehandlung.jpg\" \/><\/a><h5 class=\"benefit-title\"><a href=\"https:\/\/www.medical-aesthetics.de\/faltenbehandlung-muenchen-gruenwald\/\"><h2>Faltenbehandlung<\/h2><\/a><\/h5><\/div><\/div><\/div><\/div><\/section>[vc_empty_space height=&#8221;40px&#8221;]<\/p>\n<\/div>","protected":false},"excerpt":{"rendered":"<p>[vc_row type=&#8221;1&#8243; bg_repeat=&#8221;repeat&#8221; padding_top=&#8221;55&#8243; padding_bottom=&#8221;20&#8243;][vc_column width=&#8221;1\/2&#8243;][vc_single_image image=&#8221;36846&#8243; img_size=&#8221;546&#215;500&#8243; alignment=&#8221;center&#8221; css_animation=&#8221;fadeInLeft&#8221;][vc_empty_space height=&#8221;10px&#8221;][vc_empty_space height=&#8221;20px&#8221;][vc_empty_space height=&#8221;40px&#8221;][\/vc_column][vc_column width=&#8221;1\/2&#8243;][vc_column_text] KRYOLIPOLYSE M\u00dcNCHEN [\/vc_column_text][vc_empty_space height=&#8221;20px&#8221;][vc_column_text]An einigen K\u00f6rperstellen k\u00f6nnen Fettp\u00f6lsterchen auch trotz strenger Di\u00e4t und gezieltem Sporttraining hartn\u00e4ckig bleiben. Typisch hierf\u00fcr ist die gef\u00fcrchtete Bauch-Beine-Po-Problemzone. Um diese Fettzellen dennoch effektiv und langfristig behandeln zu k\u00f6nnen, f\u00fchrt \u00c4rztin Dr. Frohn in M\u00fcnchen die Kryolipolyse&hellip;<\/p>\n","protected":false},"author":1,"featured_media":0,"parent":0,"menu_order":0,"comment_status":"closed","ping_status":"closed","template":"","meta":{"footnotes":""},"class_list":["post-36499","page","type-page","status-publish","hentry","description-off"],"translation":{"provider":"WPGlobus","version":"3.0.0","language":"ru","enabled_languages":["de","en","ru","ar"],"languages":{"de":{"title":true,"content":true,"excerpt":false},"en":{"title":false,"content":false,"excerpt":false},"ru":{"title":false,"content":false,"excerpt":false},"ar":{"title":false,"content":false,"excerpt":false}}},"aioseo_notices":[],"_links":{"self":[{"href":"https:\/\/www.medical-aesthetics.de\/ru\/wp-json\/wp\/v2\/pages\/36499","targetHints":{"allow":["GET"]}}],"collection":[{"href":"https:\/\/www.medical-aesthetics.de\/ru\/wp-json\/wp\/v2\/pages"}],"about":[{"href":"https:\/\/www.medical-aesthetics.de\/ru\/wp-json\/wp\/v2\/types\/page"}],"author":[{"embeddable":true,"href":"https:\/\/www.medical-aesthetics.de\/ru\/wp-json\/wp\/v2\/users\/1"}],"replies":[{"embeddable":true,"href":"https:\/\/www.medical-aesthetics.de\/ru\/wp-json\/wp\/v2\/comments?post=36499"}],"version-history":[{"count":0,"href":"https:\/\/www.medical-aesthetics.de\/ru\/wp-json\/wp\/v2\/pages\/36499\/revisions"}],"wp:attachment":[{"href":"https:\/\/www.medical-aesthetics.de\/ru\/wp-json\/wp\/v2\/media?parent=36499"}],"curies":[{"name":"wp","href":"https:\/\/api.w.org\/{rel}","templated":true}]}}