{"id":36465,"date":"2016-06-06T14:29:59","date_gmt":"2016-06-06T13:29:59","guid":{"rendered":"https:\/\/www.medical-aesthetics.de\/?page_id=36465"},"modified":"2018-06-15T14:08:40","modified_gmt":"2018-06-15T13:08:40","slug":"fadenlifting-muenchen-softlifting-gruenwald","status":"publish","type":"page","link":"https:\/\/www.medical-aesthetics.de\/ru\/fadenlifting-muenchen-softlifting-gruenwald\/","title":{"rendered":"FADENLIFTING M\u00dcNCHEN"},"content":{"rendered":"<div class=\"wpb-content-wrapper\"><p>[vc_row type=&#8221;1&#8243; bg_repeat=&#8221;repeat&#8221; padding_top=&#8221;55&#8243; padding_bottom=&#8221;20&#8243;][vc_column width=&#8221;1\/2&#8243;][vc_empty_space height=&#8221;10px&#8221;][vc_single_image image=&#8221;36840&#8243; img_size=&#8221;546&#215;500&#8243; alignment=&#8221;center&#8221; css_animation=&#8221;fadeInLeft&#8221;][vc_empty_space height=&#8221;10px&#8221;][vc_empty_space height=&#8221;20px&#8221;][vc_empty_space height=&#8221;40px&#8221;][\/vc_column][vc_column width=&#8221;1\/2&#8243;][vc_column_text]<\/p>\n<h1 style=\"text-align: center;\">FADENLIFTING M\u00dcNCHEN<\/h1>\n<p>[\/vc_column_text][vc_empty_space height=&#8221;20px&#8221;][vc_column_text]Sie haben vielleicht schon einmal \u00fcber ein Lifting oder eine Hautstraffung im Gesicht, Hals, Dekollet\u00e9 oder auch am K\u00f6rper in M\u00fcnchen nachgedacht.<br \/>\nBisher war hierf\u00fcr eine Operation mit entsprechend hohen Kosten, Ausfallzeit und Risiken notwendig.<br \/>\nDas sogenannte Softlifting mit PDO-F\u00e4den bietet Ihnen eine sanfte Alternative ohne Skalpell und ohne Narben.<br \/>\nPDO (Polydioxanon) ist eine Material welches weltweit seit Jahrzehnten als chirurgisches Nahtmaterial eingesetzt wird.<br \/>\nEs wird im K\u00f6rper vollst\u00e4ndig abgebaut und durch eigenes Bindegewebe ersetzt.[\/vc_column_text][vc_column_text]Somit erhalten Sie zus\u00e4tzlich zum Liftingeffekt auch eine k\u00f6rpereigene, nat\u00fcrliche Regeneration und Festigung Ihrer Haut.<br \/>\nDieser doppelte Effekt erm\u00f6glicht es auf unkomplizierte Art und Weise den Zeichen der Zeit ein Schnippchen zu schlagen.<br \/>\nZum Einsatz kommen PDO-F\u00e4den in verschiedensten Formen und L\u00e4ngen mit oder ohne Widerh\u00e4kchen.<br \/>\nSo k\u00f6nnen Sie eine regeneratives Kollagenger\u00fcst im Gesicht, aber auch am Hals, Decolletee oder den Armen aufbauen.[\/vc_column_text][\/vc_column][vc_column][vc_column_text]Sollte das nicht ausreichend sein, k\u00f6nnen mittels sog. COG-F\u00e4den, die kleine Widerh\u00e4kchen enthalten, abgesackte Partien wieder angehoben und repositioniert werden.<br \/>\nDiese Behandlung in M\u00fcnchen wird unter \u00f6rtlicher Bet\u00e4ubung mit sogenannten stumpfen Kan\u00fclen durchgef\u00fchrt.<br \/>\nDadurch ist die Behandlung besonders schonend und ohne gr\u00f6\u00dfere Ausfallszeiten m\u00f6glich.[\/vc_column_text][vc_column_text]Alternativ setzt Frau Dr. Frohn in M\u00fcnchen Gr\u00fcnwald auch Silhouette Soft F\u00e4den mit Polymilchs\u00e4urekegeln ein.<br \/>\nDiese Methode eignet sich besonders zum Anheben des Mittelgesichtes und zur Wiederherstellung der Kinnkontur.<\/p>\n<p>Welche Methode f\u00fcr Sie die am Besten geeignete ist, kann nat\u00fcrlich nur in einem pers\u00f6nlichen Beratungsgespr\u00e4ch in M\u00fcnchen Gr\u00fcnwald herausgefunden werden.<\/p>\n<p>Das Soft-Lifting wird ganz individuell auf Sie und Ihre Bed\u00fcrfnisse abgestimmt und bei Bedarf auch mit Fillern oder Botulinumtoxin kombiniert.<\/p>\n<p>Um die Faden Lifting Behandlung m\u00f6glichst schmerzfrei zu gestalten setzt Frau Dr. Frohn in M\u00fcnchen Gr\u00fcnwald \u00f6rtliche Bet\u00e4ubung ein.<\/p>\n<p>Frau Dr. Frohn ist durch Ihre langj\u00e4hrige und breitgef\u00e4cherte Erfahrung seit Jahren als Referentin f\u00fcr Fadenlifting national und international t\u00e4tig.[\/vc_column_text][\/vc_column][\/vc_row][vc_row][vc_column][vc_column_text]<br \/>\n[\/vc_column_text][\/vc_column][\/vc_row][vc_row margin_top=&#8221;5&#8243; margin_bottom=&#8221;20&#8243;][\/vc_row][vc_column offset=&#8221;vc_col-lg-12 vc_col-md-12 vc_col-xs-12&#8243;][\/vc_column]<section id=\"benefits-grid-1\" class=\"benefits-grid wf-container light-bg light-hover-bg custom-icon-color accent-icon-hover-color\" data-width=\"250px\" data-columns=\"3\"><style type=\"text\/css\">#benefits-grid-1 .benefits-grid-ico > i { font-size: 80px; line-height: 80px; }#benefits-grid-1.custom-icon-color .benefits-grid-ico > i,\n\t\t\t\t\t#benefits-grid-1.custom-icon-color .benefits-grid-ico > i:before { color: #ffffff; }<\/style><div class=\"wf-cell\"><div><div class=\"text-small\"><div class=\"benefit-line-decoration\"><a href=\"https:\/\/www.medical-aesthetics.de\/vanquish-me-radiofrequenz-muenchen\/\" class=\"benefits-grid-ico layzr-bg fadeInDown animate-element\"><img loading=\"lazy\" decoding=\"async\" class=\"lazy-load\" src=\"data:image\/svg+xml;charset=utf-8,%3Csvg xmlns%3D&#039;http%3A%2F%2Fwww.w3.org%2F2000%2Fsvg&#039; viewBox%3D&#039;0 0 241 200&#039;%2F%3E\" width=\"241\" height=\"200\" alt=\"&lt;h2&gt;Vanquish Me&lt;\/h2&gt;\" data-srcset=\"https:\/\/www.medical-aesthetics.de\/wp-content\/uploads\/2013\/09\/kryolipolyse.jpg 241w\" data-src=\"https:\/\/www.medical-aesthetics.de\/wp-content\/uploads\/2013\/09\/kryolipolyse.jpg\" \/><\/a><h5 class=\"benefit-title\"><a href=\"https:\/\/www.medical-aesthetics.de\/vanquish-me-radiofrequenz-muenchen\/\"><h2>Vanquish Me<\/h2><\/a><\/h5><\/div><\/div><\/div><\/div><div class=\"wf-cell\"><div><div class=\"text-small\"><div class=\"benefit-line-decoration\"><a href=\"https:\/\/www.medical-aesthetics.de\/fadenlifting-muenchen-softlifting-gruenwald\/\" class=\"benefits-grid-ico layzr-bg fadeInDown animate-element\"><img loading=\"lazy\" decoding=\"async\" class=\"lazy-load\" src=\"data:image\/svg+xml;charset=utf-8,%3Csvg xmlns%3D&#039;http%3A%2F%2Fwww.w3.org%2F2000%2Fsvg&#039; viewBox%3D&#039;0 0 241 200&#039;%2F%3E\" width=\"241\" height=\"200\" alt=\"&lt;h2&gt;Fadenlifting&lt;\/h2&gt;\" data-srcset=\"https:\/\/www.medical-aesthetics.de\/wp-content\/uploads\/2013\/09\/fadenlifting.jpg 241w\" data-src=\"https:\/\/www.medical-aesthetics.de\/wp-content\/uploads\/2013\/09\/fadenlifting.jpg\" \/><\/a><h5 class=\"benefit-title\"><a href=\"https:\/\/www.medical-aesthetics.de\/fadenlifting-muenchen-softlifting-gruenwald\/\"><h2>Fadenlifting<\/h2><\/a><\/h5><\/div><\/div><\/div><\/div><div class=\"wf-cell\"><div><div class=\"text-small\"><div class=\"benefit-line-decoration\"><a href=\"https:\/\/www.medical-aesthetics.de\/faltenbehandlung-muenchen-gruenwald\/\" class=\"benefits-grid-ico layzr-bg fadeInDown animate-element\"><img loading=\"lazy\" decoding=\"async\" class=\"lazy-load\" src=\"data:image\/svg+xml;charset=utf-8,%3Csvg xmlns%3D&#039;http%3A%2F%2Fwww.w3.org%2F2000%2Fsvg&#039; viewBox%3D&#039;0 0 241 200&#039;%2F%3E\" width=\"241\" height=\"200\" alt=\"&lt;h2&gt;Faltenbehandlung&lt;\/h2&gt;\" data-srcset=\"https:\/\/www.medical-aesthetics.de\/wp-content\/uploads\/2013\/09\/faltenbehandlung.jpg 241w\" data-src=\"https:\/\/www.medical-aesthetics.de\/wp-content\/uploads\/2013\/09\/faltenbehandlung.jpg\" \/><\/a><h5 class=\"benefit-title\"><a href=\"https:\/\/www.medical-aesthetics.de\/faltenbehandlung-muenchen-gruenwald\/\"><h2>Faltenbehandlung<\/h2><\/a><\/h5><\/div><\/div><\/div><\/div><\/section>[vc_empty_space height=&#8221;40px&#8221;]<\/p>\n<\/div>","protected":false},"excerpt":{"rendered":"<p>[vc_row type=&#8221;1&#8243; bg_repeat=&#8221;repeat&#8221; padding_top=&#8221;55&#8243; padding_bottom=&#8221;20&#8243;][vc_column width=&#8221;1\/2&#8243;][vc_empty_space height=&#8221;10px&#8221;][vc_single_image image=&#8221;36840&#8243; img_size=&#8221;546&#215;500&#8243; alignment=&#8221;center&#8221; css_animation=&#8221;fadeInLeft&#8221;][vc_empty_space height=&#8221;10px&#8221;][vc_empty_space height=&#8221;20px&#8221;][vc_empty_space height=&#8221;40px&#8221;][\/vc_column][vc_column width=&#8221;1\/2&#8243;][vc_column_text] FADENLIFTING M\u00dcNCHEN [\/vc_column_text][vc_empty_space height=&#8221;20px&#8221;][vc_column_text]Sie haben vielleicht schon einmal \u00fcber ein Lifting oder eine Hautstraffung im Gesicht, Hals, Dekollet\u00e9 oder auch am K\u00f6rper in M\u00fcnchen nachgedacht. Bisher war hierf\u00fcr eine Operation mit entsprechend hohen Kosten, Ausfallzeit und Risiken notwendig. Das sogenannte&hellip;<\/p>\n","protected":false},"author":1,"featured_media":0,"parent":0,"menu_order":0,"comment_status":"closed","ping_status":"closed","template":"","meta":{"footnotes":""},"class_list":["post-36465","page","type-page","status-publish","hentry","description-off"],"translation":{"provider":"WPGlobus","version":"3.0.0","language":"ru","enabled_languages":["de","en","ru","ar"],"languages":{"de":{"title":true,"content":true,"excerpt":false},"en":{"title":false,"content":false,"excerpt":false},"ru":{"title":false,"content":false,"excerpt":false},"ar":{"title":false,"content":false,"excerpt":false}}},"aioseo_notices":[],"_links":{"self":[{"href":"https:\/\/www.medical-aesthetics.de\/ru\/wp-json\/wp\/v2\/pages\/36465","targetHints":{"allow":["GET"]}}],"collection":[{"href":"https:\/\/www.medical-aesthetics.de\/ru\/wp-json\/wp\/v2\/pages"}],"about":[{"href":"https:\/\/www.medical-aesthetics.de\/ru\/wp-json\/wp\/v2\/types\/page"}],"author":[{"embeddable":true,"href":"https:\/\/www.medical-aesthetics.de\/ru\/wp-json\/wp\/v2\/users\/1"}],"replies":[{"embeddable":true,"href":"https:\/\/www.medical-aesthetics.de\/ru\/wp-json\/wp\/v2\/comments?post=36465"}],"version-history":[{"count":0,"href":"https:\/\/www.medical-aesthetics.de\/ru\/wp-json\/wp\/v2\/pages\/36465\/revisions"}],"wp:attachment":[{"href":"https:\/\/www.medical-aesthetics.de\/ru\/wp-json\/wp\/v2\/media?parent=36465"}],"curies":[{"name":"wp","href":"https:\/\/api.w.org\/{rel}","templated":true}]}}