{"id":35864,"date":"2016-02-17T15:44:06","date_gmt":"2016-02-17T15:44:06","guid":{"rendered":"https:\/\/www.medical-aesthetics.de\/?page_id=35864"},"modified":"2018-07-01T12:29:41","modified_gmt":"2018-07-01T11:29:41","slug":"impressum","status":"publish","type":"page","link":"https:\/\/www.medical-aesthetics.de\/ru\/impressum\/","title":{"rendered":"Impressum"},"content":{"rendered":"<div class=\"wpb-content-wrapper\"><p>[vc_row][vc_column][vc_tab title=&#8221;Kontakt&#8221; tab_id=&#8221;1408634033007-0-8&#8243;]<div class=\"shortcode-banner flipInX animate-element\" style=\"min-height: 60px;background-image: url(https:\/\/www.medical-aesthetics.de\/wp-content\/uploads\/2013\/08\/bg-orange.jpg)\"><div class=\"shortcode-banner-bg wf-table\" style=\"padding: 1px;min-height: 60px\"><div class=\"shortcode-banner-inside wf-table text-big\" style=\"background-color: rgb(255,255,255);background-color: rgba(255,255,255,0.3);border: solid 0px transparent;outline: solid 1px;outline-color: rgba(147,147,147,0.2);height: 60px\"><div><div class=\"gap\" style=\"line-height: 10px; height: 10px;\"><\/div>\n<h4 style=\"text-align: center;\"><span style=\"color: #000000;\">Impressum<\/span><\/h4>\n<\/div><\/div><\/div><\/div>[vc_column_text]Berufsbezeichnung:<br \/>\nFach\u00e4rztin f\u00fcr Allgemeinmedizin<br \/>\nApprobation als \u00c4rztin durch die Bundesrepublik Deutschland<\/p>\n<p>Zust\u00e4ndige Aufsichtsbeh\u00f6rde:<br \/>\nBayrische Landes\u00e4rztekammer \u00b7 M\u00fchlbauerstr. 16 \u00b7 81677 M\u00fcnchen.<\/p>\n<p>Berufsordnung<\/p>\n<p>Die Berufsbezeichnung \u00c4rztin, Facharztanerkennung zur Fach\u00e4rztin<br \/>\nf\u00fcr Allgemeinmedizin wurden 1999 in Deutschland verliehen.<\/p>\n<p>Haftungshinweis:<br \/>\nTrotz sorgf\u00e4ltiger inhaltlicher Kontrolle \u00fcbernehmen wir keine Haftung<br \/>\nf\u00fcr die Inhalte externer Links. F\u00fcr den Inhalt der verlinkten Seiten sind<br \/>\nausschlie\u00dflich deren Betreiber verantwortlich.<\/p>\n<p>Die Inhalte der Webseite www.medical-aesthetics.de sind<br \/>\nausschlie\u00dflich zu Informationszwecken bestimmt. Die Informationen<br \/>\nstellen in keiner Weise Ersatz f\u00fcr professionelle Beratungen oder<br \/>\nBehandlungen durch den ausgebildeten Facharzt dar. Der Inhalt von<br \/>\nwww.medical-aesthetics.de darf und kann nicht f\u00fcr die Erstellung<br \/>\neigenst\u00e4ndiger Diagnosen oder f\u00fcr die Auswahl und Anwendung von<br \/>\nBehandlungsmethoden verwendet werden. F\u00fcr Sch\u00e4den oder Un-<br \/>\nannehmlichkeiten, die durch den Gebrauch oder Missbrauch dieser<br \/>\nInformationen entstehen, kann die Praxis Dr. med. Leila Frohn<br \/>\nund SARGUT design &amp; more nicht \u2013 weder direkt noch indirekt \u2013<br \/>\nzur Verantwortung gezogen werden.<\/p>\n<p>Herausgeber der Website:<\/p>\n<p>Dr. med. Leila Frohn<br \/>\nAllgemein\u00e4rztin<br \/>\nOtto-Heilmann-Str. 13<br \/>\n82031 Gr\u00fcnwald<\/p>\n<p>Copyright:<br \/>\nDr. med. Leila Frohn<br \/>\n[\/vc_column_text][\/vc_tab][vc_tab title=&#8221;Kontakt&#8221; tab_id=&#8221;1408634033007-0-8&#8243;]<div class=\"shortcode-banner flipInX animate-element\" style=\"min-height: 60px;background-image: url(https:\/\/www.medical-aesthetics.de\/wp-content\/uploads\/2013\/08\/bg-orange.jpg)\"><div class=\"shortcode-banner-bg wf-table\" style=\"padding: 1px;min-height: 60px\"><div class=\"shortcode-banner-inside wf-table text-big\" style=\"background-color: rgb(255,255,255);background-color: rgba(255,255,255,0.3);border: solid 0px transparent;outline: solid 1px;outline-color: rgba(147,147,147,0.2);height: 60px\"><div><div class=\"gap\" style=\"line-height: 10px; height: 10px;\"><\/div>\n<h4 style=\"text-align: center;\"><span style=\"color: #000000;\">Kontakt<\/span><\/h4>\n<\/div><\/div><\/div><\/div>[vc_empty_space height=&#8221;24px&#8221;][vc_column_text]<strong>Angaben gem\u00e4\u00df \u00a7 5 TMG:<\/strong><\/p>\n<p>Dr. Leila Frohn<br \/>\nOtto-Heilmann-Str. 13<br \/>\n82031 Gr\u00fcnwald<\/p>\n<p>Tel.:\u00a0+49 (0)89 641 86 435<br \/>\nFax:\u00a0 +49 (0)89 641 73 84<\/p>\n<p>Mail: <a href=\"mailto:info@medical-aesthetics.de\">info@medical-aesthetics.de<\/a>[\/vc_column_text][\/vc_tab][vc_tab title=&#8221;Datenschutzhinweis&#8221; tab_id=&#8221;1408634032618-0-5&#8243;]<div class=\"shortcode-banner flipInX animate-element\" style=\"min-height: 60px;background-image: url(https:\/\/www.medical-aesthetics.de\/wp-content\/uploads\/2013\/08\/bg-orange.jpg)\"><div class=\"shortcode-banner-bg wf-table\" style=\"padding: 1px;min-height: 60px\"><div class=\"shortcode-banner-inside wf-table text-big\" style=\"background-color: rgb(255,255,255);background-color: rgba(255,255,255,0.3);border: solid 0px transparent;outline: solid 1px;outline-color: rgba(147,147,147,0.2);height: 60px\"><div><div class=\"gap\" style=\"line-height: 10px; height: 10px;\"><\/div>\n<h4 style=\"text-align: center;\"><span style=\"color: #000000;\">Datenschutzhinweis<\/span><\/h4>\n<\/div><\/div><\/div><\/div>[vc_empty_space height=&#8221;24px&#8221;][vc_column_text]<\/p>\n<p><strong>Datenschutzerkl\u00e4rung f\u00fcr die Nutzung von Google Analytics<\/strong><br \/>\nDiese Website benutzt Google Analytics, einen Webanalysedienst der Google Inc. (\u201cGoogle\u201d). Google Analytics verwendet sog. \u201cCookies\u201d, Textdateien, die auf Ihrem Computer gespeichert werden und die eine Analyse der Benutzung der Website durch Sie erm\u00f6glichen. Die durch den Cookie erzeugten Informationen \u00fcber Ihre Benutzung dieser Website werden in der Regel an einen Server von Google in den USA \u00fcbertragen und dort gespeichert. Im Falle der Aktivierung der IP-Anonymisierung auf dieser Webseite wird Ihre IP-Adresse von Google jedoch innerhalb von Mitgliedstaaten der Europ\u00e4ischen Union oder in anderen Vertragsstaaten des Abkommens \u00fcber den Europ\u00e4ischen Wirtschaftsraum zuvor gek\u00fcrzt.<\/p>\n<p>Nur in Ausnahmef\u00e4llen wird die volle IP-Adresse an einen Server von Google in den USA \u00fcbertragen und dort gek\u00fcrzt. Im Auftrag des Betreibers dieser Website wird Google diese Informationen benutzen, um Ihre Nutzung der Website auszuwerten, um Reports \u00fcber die Websiteaktivit\u00e4ten zusammenzustellen und um weitere mit der Websitenutzung und der Internetnutzung verbundene Dienstleistungen gegen\u00fcber dem Websitebetreiber zu erbringen. Die im Rahmen von Google Analytics von Ihrem Browser \u00fcbermittelte IP-Adresse wird nicht mit anderen Daten von Google zusammengef\u00fchrt.<\/p>\n<p>Sie k\u00f6nnen die Speicherung der Cookies durch eine entsprechende Einstellung Ihrer Browser-Software verhindern; wir weisen Sie jedoch darauf hin, dass Sie in diesem Fall gegebenenfalls nicht s\u00e4mtliche Funktionen dieser Website vollumf\u00e4nglich werden nutzen k\u00f6nnen. Sie k\u00f6nnen dar\u00fcber hinaus die Erfassung der durch das Cookie erzeugten und auf Ihre Nutzung der Website bezogenen Daten (inkl. Ihrer IP-Adresse) an Google sowie die Verarbeitung dieser Daten durch Google verhindern, indem sie das unter dem folgenden Link verf\u00fcgbare Browser-Plugin herunterladen und installieren:\u00a0<a href=\"http:\/\/tools.google.com\/dlpage\/gaoptout?hl=de\">http:\/\/tools.google.com\/dlpage\/gaoptout?hl=de<\/a>.<\/p>\n<p>Quellenangaben: eRecht24<\/p>\n<p>[\/vc_column_text][\/vc_tab][vc_tab title=&#8221;Haftung f\u00fcr Inhalte und Links&#8221; tab_id=&#8221;1408634033757-0-7&#8243;]<div class=\"shortcode-banner flipInX animate-element\" style=\"min-height: 60px;background-image: url(https:\/\/www.medical-aesthetics.de\/wp-content\/uploads\/2013\/08\/bg-orange.jpg)\"><div class=\"shortcode-banner-bg wf-table\" style=\"padding: 1px;min-height: 60px\"><div class=\"shortcode-banner-inside wf-table text-big\" style=\"background-color: rgb(255,255,255);background-color: rgba(255,255,255,0.3);border: solid 0px transparent;outline: solid 1px;outline-color: rgba(147,147,147,0.2);height: 60px\"><div><div class=\"gap\" style=\"line-height: 10px; height: 10px;\"><\/div>\n<h4 style=\"text-align: center;\"><span style=\"color: #000000;\">Haftung f\u00fcr\u00a0Inhalte<\/span><\/h4>\n<\/div><\/div><\/div><\/div>[vc_empty_space height=&#8221;24px&#8221;][vc_column_text]<\/p>\n<p><strong>Haftung f\u00fcr\u00a0Inhalte<\/strong><\/p>\n<p>Die Inhalte unserer Seiten wurden mit gr\u00f6\u00dfter Sorgfalt erstellt. F\u00fcr die Richtigkeit, Vollst\u00e4ndigkeit und Aktualit\u00e4t der Inhalte k\u00f6nnen wir jedoch keine Gew\u00e4hr \u00fcbernehmen. Als Diensteanbieter sind wir gem\u00e4\u00df \u00a7 7 Abs.1 TMG f\u00fcr eigene Inhalte auf diesen Seiten nach den allgemeinen Gesetzen verantwortlich. Nach \u00a7\u00a7 8 bis 10 TMG sind wir als Diensteanbieter jedoch nicht verpflichtet, \u00fcbermittelte oder gespeicherte fremde Informationen zu \u00fcberwachen oder nach Umst\u00e4nden zu forschen, die auf eine rechtswidrige T\u00e4tigkeit hinweisen. Verpflichtungen zur Entfernung oder Sperrung der Nutzung von Informationen nach den allgemeinen Gesetzen bleiben hiervon unber\u00fchrt. Eine diesbez\u00fcgliche Haftung ist jedoch erst ab dem Zeitpunkt der Kenntnis einer konkreten Rechtsverletzung m\u00f6glich. Bei Bekanntwerden von entsprechenden Rechtsverletzungen werden wir diese Inhalte umgehend entfernen.<\/p>\n<p><strong>Haftung f\u00fcr Links<\/strong><\/p>\n<p>Unser Angebot enth\u00e4lt Links zu externen Webseiten Dritter, auf deren Inhalte wir keinen Einfluss haben. Deshalb k\u00f6nnen wir f\u00fcr diese fremden Inhalte auch keine Gew\u00e4hr \u00fcbernehmen. F\u00fcr die Inhalte der verlinkten Seiten ist stets der jeweilige Anbieter oder Betreiber der Seiten verantwortlich. Die verlinkten Seiten wurden zum Zeitpunkt der Verlinkung auf m\u00f6gliche Rechtsverst\u00f6\u00dfe \u00fcberpr\u00fcft. Rechtswidrige Inhalte waren zum Zeitpunkt der Verlinkung nicht erkennbar. Eine permanente inhaltliche Kontrolle der verlinkten Seiten ist jedoch ohne konkrete Anhaltspunkte einer Rechtsverletzung nicht zumutbar. Bei Bekanntwerden von Rechtsverletzungen werden wir derartige Links umgehend entfernen.<\/p>\n<p>[\/vc_column_text][\/vc_tab][vc_tab title=&#8221;Urheberrecht&#8221; tab_id=&#8221;1408634033374-0-0&#8243;]<div class=\"shortcode-banner flipInX animate-element\" style=\"min-height: 60px;background-image: url(https:\/\/www.medical-aesthetics.de\/wp-content\/uploads\/2013\/08\/bg-orange.jpg)\"><div class=\"shortcode-banner-bg wf-table\" style=\"padding: 1px;min-height: 60px\"><div class=\"shortcode-banner-inside wf-table text-big\" style=\"background-color: rgb(255,255,255);background-color: rgba(255,255,255,0.3);border: solid 0px transparent;outline: solid 1px;outline-color: rgba(147,147,147,0.2);height: 60px\"><div><div class=\"gap\" style=\"line-height: 10px; height: 10px;\"><\/div>\n<h4 style=\"text-align: center;\"><span style=\"color: #000000;\">Urheberrecht<\/span><\/h4>\n<\/div><\/div><\/div><\/div>[vc_empty_space height=&#8221;24px&#8221;][vc_column_text]<\/p>\n<p><strong>Urheberrecht<\/strong><\/p>\n<p>Die durch die Seitenbetreiber erstellten Inhalte und Werke auf diesen Seiten unterliegen dem deutschen Urheberrecht. Die Vervielf\u00e4ltigung, Bearbeitung, Verbreitung und jede Art der Verwertung au\u00dferhalb der Grenzen des Urheberrechtes bed\u00fcrfen der schriftlichen Zustimmung des jeweiligen Autors bzw. Erstellers. Downloads und Kopien dieser Seite sind nur f\u00fcr den privaten, nicht kommerziellen Gebrauch gestattet. Soweit die Inhalte auf dieser Seite nicht vom Betreiber erstellt wurden, werden die Urheberrechte Dritter beachtet. Insbesondere werden Inhalte Dritter als solche gekennzeichnet. Sollten Sie trotzdem auf eine Urheberrechtsverletzung aufmerksam werden, bitten wir um einen entsprechenden Hinweis. Bei Bekanntwerden von Rechtsverletzungen werden wir derartige Inhalte umgehend entfernen.<\/p>\n<p>[\/vc_column_text][\/vc_tab][\/vc_column][\/vc_row]<\/p>\n<\/div>","protected":false},"excerpt":{"rendered":"<p>[vc_row][vc_column][vc_tab title=&#8221;Kontakt&#8221; tab_id=&#8221;1408634033007-0-8&#8243;][vc_column_text]Berufsbezeichnung: Fach\u00e4rztin f\u00fcr Allgemeinmedizin Approbation als \u00c4rztin durch die Bundesrepublik Deutschland Zust\u00e4ndige Aufsichtsbeh\u00f6rde: Bayrische Landes\u00e4rztekammer \u00b7 M\u00fchlbauerstr. 16 \u00b7 81677 M\u00fcnchen. Berufsordnung Die Berufsbezeichnung \u00c4rztin, Facharztanerkennung zur Fach\u00e4rztin f\u00fcr Allgemeinmedizin wurden 1999 in Deutschland verliehen. Haftungshinweis: Trotz sorgf\u00e4ltiger inhaltlicher Kontrolle \u00fcbernehmen wir keine Haftung f\u00fcr die Inhalte externer Links. F\u00fcr den Inhalt der&hellip;<\/p>\n","protected":false},"author":1,"featured_media":0,"parent":0,"menu_order":0,"comment_status":"closed","ping_status":"open","template":"","meta":{"footnotes":""},"class_list":["post-35864","page","type-page","status-publish","hentry","description-off"],"translation":{"provider":"WPGlobus","version":"3.0.0","language":"ru","enabled_languages":["de","en","ru","ar"],"languages":{"de":{"title":true,"content":true,"excerpt":false},"en":{"title":true,"content":true,"excerpt":false},"ru":{"title":false,"content":false,"excerpt":false},"ar":{"title":false,"content":false,"excerpt":false}}},"aioseo_notices":[],"_links":{"self":[{"href":"https:\/\/www.medical-aesthetics.de\/ru\/wp-json\/wp\/v2\/pages\/35864","targetHints":{"allow":["GET"]}}],"collection":[{"href":"https:\/\/www.medical-aesthetics.de\/ru\/wp-json\/wp\/v2\/pages"}],"about":[{"href":"https:\/\/www.medical-aesthetics.de\/ru\/wp-json\/wp\/v2\/types\/page"}],"author":[{"embeddable":true,"href":"https:\/\/www.medical-aesthetics.de\/ru\/wp-json\/wp\/v2\/users\/1"}],"replies":[{"embeddable":true,"href":"https:\/\/www.medical-aesthetics.de\/ru\/wp-json\/wp\/v2\/comments?post=35864"}],"version-history":[{"count":0,"href":"https:\/\/www.medical-aesthetics.de\/ru\/wp-json\/wp\/v2\/pages\/35864\/revisions"}],"wp:attachment":[{"href":"https:\/\/www.medical-aesthetics.de\/ru\/wp-json\/wp\/v2\/media?parent=35864"}],"curies":[{"name":"wp","href":"https:\/\/api.w.org\/{rel}","templated":true}]}}