{"id":35748,"date":"2016-01-28T15:21:58","date_gmt":"2016-01-28T15:21:58","guid":{"rendered":"https:\/\/www.medical-aesthetics.de\/?page_id=35748"},"modified":"2018-07-16T09:24:05","modified_gmt":"2018-07-16T08:24:05","slug":"kontakt-medical-cosmetics","status":"publish","type":"page","link":"https:\/\/www.medical-aesthetics.de\/ru\/kontakt-medical-cosmetics\/","title":{"rendered":"Kontakt"},"content":{"rendered":"<div class=\"wpb-content-wrapper\"><p>[vc_row][vc_column width=&#8221;1\/2&#8243;][vc_gmaps link=&#8221;#E-8_JTNDaWZyYW1lJTIwc3JjJTNEJTIyaHR0cHMlM0ElMkYlMkZ3d3cuZ29vZ2xlLmNvbSUyRm1hcHMlMkZlbWJlZCUzRnBiJTNEJTIxMW0xOCUyMTFtMTIlMjExbTMlMjExZDI2NjcuNzUxNTM2NTA4Mzk5NiUyMTJkMTEuNTM2MDY0NDE1NDc1Njg0JTIxM2Q0OC4wMzc4MjUzNjYwODI1NDQlMjEybTMlMjExZjAlMjEyZjAlMjEzZjAlMjEzbTIlMjExaTEwMjQlMjEyaTc2OCUyMTRmMTMuMSUyMTNtMyUyMTFtMiUyMTFzMHg0NzlkZGM0MDlkM2I3MTZmJTI1M0EweDFlYzgzNzAxNzY5YjFiNGUlMjEyc090dG8tSGVpbG1hbm4tU3RyYSUyNUMzJTI1OUZlJTJCMTMlMjUyQyUyQjgyMDMxJTJCR3IlMjVDMyUyNUJDbndhbGQlMjE1ZTAlMjEzbTIlMjExc2RlJTIxMnNkZSUyMTR2MTQ2OTYyMzU3NDYyNSUyMiUyMHdpZHRoJTNEJTIyNjAwJTIyJTIwaGVpZ2h0JTNEJTIyNDUwJTIyJTIwZnJhbWVib3JkZXIlM0QlMjIwJTIyJTIwc3R5bGUlM0QlMjJib3JkZXIlM0EwJTIyJTIwYWxsb3dmdWxsc2NyZWVuJTNFJTNDJTJGaWZyYW1lJTNF&#8221; size=&#8221;400&#8243;][\/vc_column][vc_column width=&#8221;1\/2&#8243;][vc_column_text]<\/p>\n<h2>Kontakt<\/h2>\n<p>[\/vc_column_text][vc_empty_space][vc_column_text]<span class=\"color-title\">DR. MED. LEILA FROHN<\/span><br \/>\nFACH\u00c4RZTIN F\u00dcR ALLGEMEINMEDIZIN<br \/>\n\u00c4STHETISCHE MEDIZIN [\/vc_column_text][vc_column_text]T: +49 (89)\u00a0641 86 435<br \/>\nF: +49 (89)\u00a0641 73 84[\/vc_column_text][vc_column_text]Mail: <a href=\"mailto:info@medical-aesthetics.de\">info@medical-aesthetics.de<\/a><br \/>\n[\/vc_column_text][\/vc_column][\/vc_row]<\/p>\n<\/div>","protected":false},"excerpt":{"rendered":"<p>[vc_row][vc_column width=&#8221;1\/2&#8243;][vc_gmaps link=&#8221;#E-8_JTNDaWZyYW1lJTIwc3JjJTNEJTIyaHR0cHMlM0ElMkYlMkZ3d3cuZ29vZ2xlLmNvbSUyRm1hcHMlMkZlbWJlZCUzRnBiJTNEJTIxMW0xOCUyMTFtMTIlMjExbTMlMjExZDI2NjcuNzUxNTM2NTA4Mzk5NiUyMTJkMTEuNTM2MDY0NDE1NDc1Njg0JTIxM2Q0OC4wMzc4MjUzNjYwODI1NDQlMjEybTMlMjExZjAlMjEyZjAlMjEzZjAlMjEzbTIlMjExaTEwMjQlMjEyaTc2OCUyMTRmMTMuMSUyMTNtMyUyMTFtMiUyMTFzMHg0NzlkZGM0MDlkM2I3MTZmJTI1M0EweDFlYzgzNzAxNzY5YjFiNGUlMjEyc090dG8tSGVpbG1hbm4tU3RyYSUyNUMzJTI1OUZlJTJCMTMlMjUyQyUyQjgyMDMxJTJCR3IlMjVDMyUyNUJDbndhbGQlMjE1ZTAlMjEzbTIlMjExc2RlJTIxMnNkZSUyMTR2MTQ2OTYyMzU3NDYyNSUyMiUyMHdpZHRoJTNEJTIyNjAwJTIyJTIwaGVpZ2h0JTNEJTIyNDUwJTIyJTIwZnJhbWVib3JkZXIlM0QlMjIwJTIyJTIwc3R5bGUlM0QlMjJib3JkZXIlM0EwJTIyJTIwYWxsb3dmdWxsc2NyZWVuJTNFJTNDJTJGaWZyYW1lJTNF&#8221; size=&#8221;400&#8243;][\/vc_column][vc_column width=&#8221;1\/2&#8243;][vc_column_text] Kontakt [\/vc_column_text][vc_empty_space][vc_column_text]DR. MED. LEILA FROHN FACH\u00c4RZTIN F\u00dcR ALLGEMEINMEDIZIN \u00c4STHETISCHE MEDIZIN [\/vc_column_text][vc_column_text]T: +49 (89)\u00a0641 86 435 F: +49 (89)\u00a0641 73 84[\/vc_column_text][vc_column_text]Mail: info@medical-aesthetics.de [\/vc_column_text][\/vc_column][\/vc_row]<\/p>\n","protected":false},"author":1,"featured_media":0,"parent":0,"menu_order":0,"comment_status":"closed","ping_status":"open","template":"","meta":{"footnotes":""},"class_list":["post-35748","page","type-page","status-publish","hentry","description-off"],"translation":{"provider":"WPGlobus","version":"3.0.0","language":"ru","enabled_languages":["de","en","ru","ar"],"languages":{"de":{"title":true,"content":true,"excerpt":false},"en":{"title":true,"content":true,"excerpt":false},"ru":{"title":false,"content":false,"excerpt":false},"ar":{"title":false,"content":false,"excerpt":false}}},"aioseo_notices":[],"_links":{"self":[{"href":"https:\/\/www.medical-aesthetics.de\/ru\/wp-json\/wp\/v2\/pages\/35748","targetHints":{"allow":["GET"]}}],"collection":[{"href":"https:\/\/www.medical-aesthetics.de\/ru\/wp-json\/wp\/v2\/pages"}],"about":[{"href":"https:\/\/www.medical-aesthetics.de\/ru\/wp-json\/wp\/v2\/types\/page"}],"author":[{"embeddable":true,"href":"https:\/\/www.medical-aesthetics.de\/ru\/wp-json\/wp\/v2\/users\/1"}],"replies":[{"embeddable":true,"href":"https:\/\/www.medical-aesthetics.de\/ru\/wp-json\/wp\/v2\/comments?post=35748"}],"version-history":[{"count":0,"href":"https:\/\/www.medical-aesthetics.de\/ru\/wp-json\/wp\/v2\/pages\/35748\/revisions"}],"wp:attachment":[{"href":"https:\/\/www.medical-aesthetics.de\/ru\/wp-json\/wp\/v2\/media?parent=35748"}],"curies":[{"name":"wp","href":"https:\/\/api.w.org\/{rel}","templated":true}]}}