{"id":164,"date":"2013-08-08T13:06:18","date_gmt":"2013-08-08T13:06:18","guid":{"rendered":"http:\/\/presscore.dream-demo.com\/dummy\/?page_id=164"},"modified":"2022-05-04T08:38:03","modified_gmt":"2022-05-04T07:38:03","slug":"home","status":"publish","type":"page","link":"https:\/\/www.medical-aesthetics.de\/ru\/","title":{"rendered":"HOME"},"content":{"rendered":"<div class=\"wpb-content-wrapper\"><p>[vc_row margin_top=&#8221;5&#8243; margin_bottom=&#8221;20&#8243;][vc_column offset=&#8221;vc_col-lg-12 vc_col-md-12 vc_col-xs-12&#8243;]<section id=\"benefits-grid-1\" class=\"benefits-grid wf-container light-bg light-hover-bg custom-icon-color accent-icon-hover-color\" data-width=\"250px\" data-columns=\"3\"><style type=\"text\/css\">#benefits-grid-1 .benefits-grid-ico > i { font-size: 80px; line-height: 80px; }#benefits-grid-1.custom-icon-color .benefits-grid-ico > i,\n\t\t\t\t\t#benefits-grid-1.custom-icon-color .benefits-grid-ico > i:before { color: #ffffff; }<\/style><div class=\"wf-cell\"><div><div class=\"text-small\"><div class=\"benefit-line-decoration\"><a href=\"https:\/\/www.medical-aesthetics.de\/vanquish-me-radiofrequenz-muenchen\/\" class=\"benefits-grid-ico layzr-bg fadeInDown animate-element\"><img loading=\"lazy\" decoding=\"async\" class=\"lazy-load\" src=\"data:image\/svg+xml;charset=utf-8,%3Csvg xmlns%3D&#039;http%3A%2F%2Fwww.w3.org%2F2000%2Fsvg&#039; viewBox%3D&#039;0 0 241 200&#039;%2F%3E\" width=\"241\" height=\"200\" alt=\"&lt;h2&gt;Vanquish Me&lt;\/h2&gt;\" data-srcset=\"https:\/\/www.medical-aesthetics.de\/wp-content\/uploads\/2013\/09\/kryolipolyse.jpg 241w\" data-src=\"https:\/\/www.medical-aesthetics.de\/wp-content\/uploads\/2013\/09\/kryolipolyse.jpg\" \/><\/a><h5 class=\"benefit-title\"><a href=\"https:\/\/www.medical-aesthetics.de\/vanquish-me-radiofrequenz-muenchen\/\"><h2>Vanquish Me<\/h2><\/a><\/h5><\/div><\/div><\/div><\/div><div class=\"wf-cell\"><div><div class=\"text-small\"><div class=\"benefit-line-decoration\"><a href=\"https:\/\/www.medical-aesthetics.de\/fadenlifting-muenchen-softlifting-gruenwald\/\" class=\"benefits-grid-ico layzr-bg fadeInDown animate-element\"><img loading=\"lazy\" decoding=\"async\" class=\"lazy-load\" src=\"data:image\/svg+xml;charset=utf-8,%3Csvg xmlns%3D&#039;http%3A%2F%2Fwww.w3.org%2F2000%2Fsvg&#039; viewBox%3D&#039;0 0 241 200&#039;%2F%3E\" width=\"241\" height=\"200\" alt=\"&lt;h2&gt;Fadenlifting&lt;\/h2&gt;\" data-srcset=\"https:\/\/www.medical-aesthetics.de\/wp-content\/uploads\/2013\/09\/fadenlifting.jpg 241w\" data-src=\"https:\/\/www.medical-aesthetics.de\/wp-content\/uploads\/2013\/09\/fadenlifting.jpg\" \/><\/a><h5 class=\"benefit-title\"><a href=\"https:\/\/www.medical-aesthetics.de\/fadenlifting-muenchen-softlifting-gruenwald\/\"><h2>Fadenlifting<\/h2><\/a><\/h5><\/div><\/div><\/div><\/div><div class=\"wf-cell\"><div><div class=\"text-small\"><div class=\"benefit-line-decoration\"><a href=\"https:\/\/www.medical-aesthetics.de\/faltenbehandlung-muenchen-gruenwald\/\" class=\"benefits-grid-ico layzr-bg fadeInDown animate-element\"><img loading=\"lazy\" decoding=\"async\" class=\"lazy-load\" src=\"data:image\/svg+xml;charset=utf-8,%3Csvg xmlns%3D&#039;http%3A%2F%2Fwww.w3.org%2F2000%2Fsvg&#039; viewBox%3D&#039;0 0 241 200&#039;%2F%3E\" width=\"241\" height=\"200\" alt=\"&lt;h2&gt;Faltenbehandlung&lt;\/h2&gt;\" data-srcset=\"https:\/\/www.medical-aesthetics.de\/wp-content\/uploads\/2013\/09\/faltenbehandlung.jpg 241w\" data-src=\"https:\/\/www.medical-aesthetics.de\/wp-content\/uploads\/2013\/09\/faltenbehandlung.jpg\" \/><\/a><h5 class=\"benefit-title\"><a href=\"https:\/\/www.medical-aesthetics.de\/faltenbehandlung-muenchen-gruenwald\/\"><h2>Faltenbehandlung<\/h2><\/a><\/h5><\/div><\/div><\/div><\/div><\/section>[vc_empty_space height=&#8221;40px&#8221;][vc_column_text]<\/p>\n<hr \/>\n<p>[\/vc_column_text][vc_empty_space height=&#8221;40px&#8221;][\/vc_column][\/vc_row][vc_row][vc_column width=&#8221;1\/4&#8243;][vc_column_text]<\/p>\n<div id=\"box\" align=\"center\"><a href=\"https:\/\/www.estheticon.de\/chirurgen\/dr-frohn-leila-dr-frohn\" target=\"_blank\" rel=\"noopener\"><img decoding=\"async\" src=\"https:\/\/www.estheticon.de\/stamp.xpng?com=364489&amp;v=10\" alt=\"Dr. med. Leila Frohn\" border=\"0\" \/><span style=\"display: table; width: auto; text-align: center; border-radius: 4px; border: 1px solid #4D92DF; padding: 5px 10px; color: #4d92df; margin-top: 10px;\">Profilseite ansehen<\/span><\/a><\/div>\n<p>[\/vc_column_text][vc_empty_space height=&#8221;40px&#8221;][\/vc_column][vc_column width=&#8221;3\/4&#8243;][vc_column_text]<\/p>\n<h1 style=\"text-align: center; padding-top: 15px;\">Faltenbehandlung M\u00fcnchen<\/h1>\n<p style=\"text-align: left;\">Instinktiv empfinden wir das als gut, was auch sch\u00f6n ist. Dass dem Menschen ein Streben nach Sch\u00f6nheit angeboren ist, ist deshalb nicht verwunderlich. Dies betrifft seine Umgebung wie auch ihn selbst. Der Mensch gestaltet sein Zuhause \u201esch\u00f6ner\u201c, um sich wohl zu f\u00fchlen. Auch seinen K\u00f6rper versucht er, so zu gestalten, dass er sich wohl darin f\u00fchlt. Dies ist jedoch angesichts Hektik und Stress, aber auch im Falle einer Krankheit nicht immer einfach. Hier kann die moderne \u00e4sthetische und kosmetische Medizin einen Beitrag leisten.<\/p>\n<p>[\/vc_column_text][\/vc_column][\/vc_row][vc_row type=&#8221;1&#8243; bg_repeat=&#8221;repeat&#8221; padding_top=&#8221;55&#8243; padding_bottom=&#8221;20&#8243;][vc_column][vc_column_text]<\/p>\n<h2 style=\"text-align: center;\">DR. MED. LEILA FROHN &#8211; \u00c4STHETISCHE MEDIZIN<\/h2>\n<p>[\/vc_column_text][vc_empty_space height=&#8221;45px&#8221;][\/vc_column][vc_column offset=&#8221;vc_col-lg-6 vc_col-md-6 vc_col-xs-12&#8243;][vc_empty_space height=&#8221;10px&#8221;][vc_single_image image=&#8221;36762&#8243; img_size=&#8221;546&#215;546&#8243; alignment=&#8221;center&#8221; css_animation=&#8221;fadeInLeft&#8221;][vc_empty_space height=&#8221;20px&#8221;][\/vc_column][vc_column offset=&#8221;vc_col-lg-6 vc_col-md-6 vc_col-xs-12&#8243;][vc_column_text]<strong>F\u00fcr mehr Wohlbefinden und Harmonie: \u00e4sthetische Medizin in M\u00fcnchen<\/strong><br \/>\nIn der Praxis von Fach\u00e4rztin Dr. Frohn und ihrem Team in M\u00fcnchen versteht man die \u00e4sthetische und kosmetische Medizin deshalb als Hilfestellung f\u00fcr den Einzelnen, sein Leben \u201esch\u00f6ner\u201c zu gestalten. Mehr Wohlbefinden und Harmonie mit sich und dem eigenen K\u00f6rper \u2013 das ist das Ziel aller Beauty-Behandlungen, die in unserer Praxis in M\u00fcnchen angeboten werden.<\/p>\n<p>Die Behandlungen, die wir Ihnen anbieten, sind dabei so zahlreich, wie die \u201eProblemzonen\u201c des Einzelnen. Unabh\u00e4ngig davon, ob Sie unliebsame Fettp\u00f6lsterchen, Falten, Narben oder Tattoo-S\u00fcnden loswerden wollen \u2013 wir praktizieren nicht nur herk\u00f6mmliche Methoden, wie die Fett-weg-Spritze, Lippen- und Faltenunterspritzung oder Narbenbehandlung, sondern auch neuartige und innovative Vorgehensweisen, wie die Kryolipolyse, das in Hollywood gefeierte Vampirlifting (Dracula-Therapie) mit Eigenblut-Behandlung oder die Spherofill-Therapie.[\/vc_column_text][vc_empty_space height=&#8221;20px&#8221;][vc_column_text]<strong>Anti-Aging-Behandlungen in M\u00fcnchen: Wenn das Alter zur Zahl wird&#8230;<\/strong><\/p>\n<p>Eine glatte Haut und ein frisches jugendliches Aussehen m\u00f6glichst bis ins hohe Alter z\u00e4hlen zum Sch\u00f6nheitsideal unserer Zeit. Wer sich daf\u00fcr aber nicht einer Operation unterziehen will, findet in unserer Praxis in M\u00fcnchen Alternativen, die ganz ohne OP und ohne Skalpell auskommen. Neben der Faltenunterspritzung, dem Fadenlifting und dem Liquid Lifting arbeiten wir auch mit Botulinumtoxin_A (Botox) sowie mit neuartigen Ger\u00e4ten, wie PlexR\u00ae oder Spherofill. Auch die PRP-\/Eigenbluttherapie, die ebenfalls in der Praxis von Fach\u00e4rztin Dr. Frohn in M\u00fcnchen angewandt wird, sagt Falten und anderen Alterserscheinungen wortw\u00f6rtlich den blutigen Kampf an und hat in Hollywood bereits viele Anh\u00e4nger gefunden![\/vc_column_text][\/vc_column][\/vc_row][vc_row][vc_column width=&#8221;1\/3&#8243;][vc_empty_space height=&#8221;40px&#8221;][vc_column_text]<strong>Abnehmen und Fett reduzieren leicht gemacht\u00a0<\/strong><\/p>\n<p>Fett reduzieren ohne Sport und ohne OP \u2013 das klingt zwar zun\u00e4chst eher nach Wunsch als nach Realit\u00e4t, doch dank der modernen \u00e4sthetischen und kosmetischen Medizin kann dieser Traum wahr werden. Mit der Fett-weg-Spritze oder dem Fett-weg-Ultraschall k\u00f6nnen beispielsweise unliebsame Fettp\u00f6lsterchen eliminiert werden. Mit der innovativen Kyolipolyse k\u00f6nnen Sie Ihr Fett einfach wegschmelzen lassen \u2013 und das mit Hilfe von K\u00fchlung! Denn die Fettzellen werden ohne OP kristallisiert und dann vom K\u00f6rper abgebaut.[\/vc_column_text][\/vc_column][vc_column width=&#8221;1\/3&#8243;][vc_empty_space height=&#8221;40px&#8221;][vc_column_text]<strong> J\u00fcnger, straffer, sch\u00f6ner \u2013 unsere Beauty-Behandlungen in M\u00fcnchen\u00a0<\/strong><\/p>\n<p>Auch unliebsame Cellulite, Narben und Haarausfall k\u00f6nnen in unserer Praxis in M\u00fcnchen schnell und effektiv behandelt werden. Mit den neuartigen PlexR\u00ae- oder Spherofill-Ger\u00e4ten k\u00f6nnen etwa Pigmentst\u00f6rungen, Dehnungsstreifen, schlaffe Haut und Falten behandelt werden. Die Mesotherapie dagegen hilft bei Cellulite sowie Haarausfall und l\u00e4sst F\u00e4ltchen dank Hyalurons\u00e4ure, Vitaminen und Antioxidantien im Handumdrehen verschwinden.[\/vc_column_text][\/vc_column][vc_column width=&#8221;1\/3&#8243;][vc_empty_space height=&#8221;40px&#8221;][vc_column_text]<strong>Individuelle Therapie und Beratung f\u00fcr beste Ergebnisse<\/strong><\/p>\n<p>Schlank werden, j\u00fcnger aussehen, straffere Haut, sich wohlf\u00fchlen \u2013 in der Praxis von Fach\u00e4rztin Dr. Frohn in M\u00fcnchen finden Sie garantiert die passende Behandlung f\u00fcr Ihr individuelles Beauty-Ziel. Ohne Operation und ohne Skalpell werden nur schonende, aber effektive und innovative Sch\u00f6nheitsbehandlungen angeboten. Denn f\u00fcr die Allgemeinmedizinerin und ihr Praxisteam stehen Ihre Gesundheit, Zufriedenheit und Sch\u00f6nheit immer an erster Stelle![\/vc_column_text][\/vc_column][vc_column][vc_empty_space height=&#8221;40px&#8221;][vc_column_text]<\/p>\n<p style=\"text-align: center;\">F\u00fchlen Sie sich \u201esch\u00f6ner\u201c, ges\u00fcnder und wohler mit unseren Anti-Aging- und Fett-weg-Behandlungen sowie auch den anderen Therapien. Falls Sie Fragen haben oder einen kostenlosen und pers\u00f6nlichen Beratungstermin w\u00fcnschen, kontaktieren Sie uns gleich. Sch\u00f6n, dass Sie Interesse an unseren Behandlungen haben!<\/p>\n<p>[\/vc_column_text][\/vc_column][\/vc_row]<\/p>\n<\/div>","protected":false},"excerpt":{"rendered":"<p>[vc_row margin_top=&#8221;5&#8243; margin_bottom=&#8221;20&#8243;][vc_column offset=&#8221;vc_col-lg-12 vc_col-md-12 vc_col-xs-12&#8243;][vc_empty_space height=&#8221;40px&#8221;][vc_column_text] [\/vc_column_text][vc_empty_space height=&#8221;40px&#8221;][\/vc_column][\/vc_row][vc_row][vc_column width=&#8221;1\/4&#8243;][vc_column_text] Profilseite ansehen [\/vc_column_text][vc_empty_space height=&#8221;40px&#8221;][\/vc_column][vc_column width=&#8221;3\/4&#8243;][vc_column_text] Faltenbehandlung M\u00fcnchen Instinktiv empfinden wir das als gut, was auch sch\u00f6n ist. Dass dem Menschen ein Streben nach Sch\u00f6nheit angeboren ist, ist deshalb nicht verwunderlich. Dies betrifft seine Umgebung wie auch ihn selbst. Der Mensch gestaltet sein Zuhause \u201esch\u00f6ner\u201c, um&hellip;<\/p>\n","protected":false},"author":1,"featured_media":0,"parent":0,"menu_order":5,"comment_status":"closed","ping_status":"closed","template":"","meta":{"footnotes":""},"class_list":["post-164","page","type-page","status-publish","hentry","description-off"],"translation":{"provider":"WPGlobus","version":"3.0.0","language":"ru","enabled_languages":["de","en","ru","ar"],"languages":{"de":{"title":true,"content":true,"excerpt":false},"en":{"title":true,"content":true,"excerpt":false},"ru":{"title":false,"content":false,"excerpt":false},"ar":{"title":false,"content":false,"excerpt":false}}},"aioseo_notices":[],"_links":{"self":[{"href":"https:\/\/www.medical-aesthetics.de\/ru\/wp-json\/wp\/v2\/pages\/164","targetHints":{"allow":["GET"]}}],"collection":[{"href":"https:\/\/www.medical-aesthetics.de\/ru\/wp-json\/wp\/v2\/pages"}],"about":[{"href":"https:\/\/www.medical-aesthetics.de\/ru\/wp-json\/wp\/v2\/types\/page"}],"author":[{"embeddable":true,"href":"https:\/\/www.medical-aesthetics.de\/ru\/wp-json\/wp\/v2\/users\/1"}],"replies":[{"embeddable":true,"href":"https:\/\/www.medical-aesthetics.de\/ru\/wp-json\/wp\/v2\/comments?post=164"}],"version-history":[{"count":0,"href":"https:\/\/www.medical-aesthetics.de\/ru\/wp-json\/wp\/v2\/pages\/164\/revisions"}],"wp:attachment":[{"href":"https:\/\/www.medical-aesthetics.de\/ru\/wp-json\/wp\/v2\/media?parent=164"}],"curies":[{"name":"wp","href":"https:\/\/api.w.org\/{rel}","templated":true}]}}