{"id":37402,"date":"2018-12-12T10:15:35","date_gmt":"2018-12-12T10:15:35","guid":{"rendered":"https:\/\/www.medical-aesthetics.de\/?page_id=37402"},"modified":"2019-09-06T15:25:15","modified_gmt":"2019-09-06T14:25:15","slug":"fractotal-forma-fractora-radiofrequenz-behandlung-muenchen","status":"publish","type":"page","link":"https:\/\/www.medical-aesthetics.de\/en\/fractotal-forma-fractora-radiofrequenz-behandlung-muenchen\/","title":{"rendered":"FracTotal \u2013 FORMA Fractora"},"content":{"rendered":"<div class=\"wpb-content-wrapper\"><p>[vc_row type=&#8221;1&#8243; bg_repeat=&#8221;repeat&#8221; padding_top=&#8221;55&#8243; padding_bottom=&#8221;20&#8243;][vc_column width=&#8221;1\/2&#8243;][vc_empty_space height=&#8221;10px&#8221;][vc_empty_space height=&#8221;20px&#8221;][vc_empty_space height=&#8221;40px&#8221;][vc_single_image image=&#8221;37404&#8243; img_size=&#8221;full&#8221; alignment=&#8221;center&#8221; css_animation=&#8221;fadeInLeft&#8221;][\/vc_column][vc_column width=&#8221;1\/2&#8243;][vc_column_text]<\/p>\n<h1>FracTotal &#8211; FORMA und Fractora M\u00fcnchen<\/h1>\n<p>[\/vc_column_text][vc_empty_space height=&#8221;30px&#8221;][vc_column_text]Reduziert Falten und strafft Haut mit sehr kurzer Ausfallzeit<\/p>\n<p>Fractora ist ein ablatives Radiofrequenz-Verfahren, das je nach Energieeinstellung entweder eine Mikroperforation der Haut bewirkt oder aber bei hohen Parametern auch tief fraktioniert abladieren kann.<\/p>\n<p>Welche Methode f\u00fcr Sie pers\u00f6nlich geeignet ist, wird im pers\u00f6nlichen Gespr\u00e4ch in M\u00fcnchen Gr\u00fcnwald ganz individuell auf Ihre Bed\u00fcrfnisse ausgew\u00e4hlt.<\/p>\n<p>Bei der FracTotal Behandlung werden \u00fcblicherweise 3 Sitzungen einer kombinierten Behandlung mit Forma und Fractora durchgef\u00fchrt.<br \/>\nZus\u00e4tzlich wird im Wechsel noch ein spezieller Hyalurons\u00e4ure\/Vitamincocktail und PRP (pl\u00e4ttchenreiches Plasma) in die Haut eingeschleust.<\/p>\n<p>Bereits nach ein paar Tagen werden Sie eine sch\u00f6neres und besseres Hautgef\u00fchl bemerken.<br \/>\nNach und nach festigt sich die Haut und Kontur durch den Aufbau neuer funktionsf\u00e4higer kollagener Fasern im Verlauf der n\u00e4chsten Wochen langsam aber merklich.<\/p>\n<p>So k\u00f6nnen Sie sich ganz diskret und nat\u00fcrlich, aber nachhaltig verj\u00fcngen.<\/p>\n<p>Sollten Sie nach ein oder zwei Jahren die Uhr ihrer Haut wieder etwas zur\u00fcckdrehen wollen, so ist die Behandlung in M\u00fcnchen Gr\u00fcnwald jederzeit wiederholbar.<br \/>\nAuch k\u00f6nnen Sie zus\u00e4tzlich den Hals oder das Dekollete in M\u00fcnchen Gr\u00fcnwald mitbehandeln, um ein sch\u00f6nes Gesamtbild zu erzielen.[\/vc_column_text][vc_empty_space height=&#8221;20px&#8221;][vc_row_inner][vc_column_inner][\/vc_column_inner][\/vc_row_inner][\/vc_column][vc_column][vc_empty_space height=&#8221;40px&#8221;][vc_single_image image=&#8221;37417&#8243; img_size=&#8221;full&#8221; alignment=&#8221;center&#8221; css_animation=&#8221;fadeInLeft&#8221;][\/vc_column][\/vc_row][vc_row margin_top=&#8221;5&#8243; margin_bottom=&#8221;20&#8243;][\/vc_row][vc_column offset=&#8221;vc_col-lg-12 vc_col-md-12 vc_col-xs-12&#8243;][\/vc_column]<section id=\"benefits-grid-1\" class=\"benefits-grid wf-container light-bg light-hover-bg custom-icon-color accent-icon-hover-color\" data-width=\"250px\" data-columns=\"3\"><style type=\"text\/css\">#benefits-grid-1 .benefits-grid-ico > i { font-size: 80px; line-height: 80px; }#benefits-grid-1.custom-icon-color .benefits-grid-ico > i,\n\t\t\t\t\t#benefits-grid-1.custom-icon-color .benefits-grid-ico > i:before { color: #ffffff; }<\/style><div class=\"wf-cell\"><div><div class=\"text-small\"><div class=\"benefit-line-decoration\"><a href=\"https:\/\/www.medical-aesthetics.de\/vanquish-me-radiofrequenz-muenchen\/\" class=\"benefits-grid-ico layzr-bg fadeInDown animate-element\"><img loading=\"lazy\" decoding=\"async\" class=\"lazy-load\" src=\"data:image\/svg+xml;charset=utf-8,%3Csvg xmlns%3D&#039;http%3A%2F%2Fwww.w3.org%2F2000%2Fsvg&#039; viewBox%3D&#039;0 0 241 200&#039;%2F%3E\" width=\"241\" height=\"200\" alt=\"&lt;h2&gt;Vanquish Me&lt;\/h2&gt;\" data-srcset=\"https:\/\/www.medical-aesthetics.de\/wp-content\/uploads\/2013\/09\/kryolipolyse.jpg 241w\" data-src=\"https:\/\/www.medical-aesthetics.de\/wp-content\/uploads\/2013\/09\/kryolipolyse.jpg\" \/><\/a><h5 class=\"benefit-title\"><a href=\"https:\/\/www.medical-aesthetics.de\/vanquish-me-radiofrequenz-muenchen\/\"><h2>Vanquish Me<\/h2><\/a><\/h5><\/div><\/div><\/div><\/div><div class=\"wf-cell\"><div><div class=\"text-small\"><div class=\"benefit-line-decoration\"><a href=\"https:\/\/www.medical-aesthetics.de\/fadenlifting-muenchen-softlifting-gruenwald\/\" class=\"benefits-grid-ico layzr-bg fadeInDown animate-element\"><img loading=\"lazy\" decoding=\"async\" class=\"lazy-load\" src=\"data:image\/svg+xml;charset=utf-8,%3Csvg xmlns%3D&#039;http%3A%2F%2Fwww.w3.org%2F2000%2Fsvg&#039; viewBox%3D&#039;0 0 241 200&#039;%2F%3E\" width=\"241\" height=\"200\" alt=\"&lt;h2&gt;Fadenlifting&lt;\/h2&gt;\" data-srcset=\"https:\/\/www.medical-aesthetics.de\/wp-content\/uploads\/2013\/09\/fadenlifting.jpg 241w\" data-src=\"https:\/\/www.medical-aesthetics.de\/wp-content\/uploads\/2013\/09\/fadenlifting.jpg\" \/><\/a><h5 class=\"benefit-title\"><a href=\"https:\/\/www.medical-aesthetics.de\/fadenlifting-muenchen-softlifting-gruenwald\/\"><h2>Fadenlifting<\/h2><\/a><\/h5><\/div><\/div><\/div><\/div><div class=\"wf-cell\"><div><div class=\"text-small\"><div class=\"benefit-line-decoration\"><a href=\"https:\/\/www.medical-aesthetics.de\/faltenbehandlung-muenchen-gruenwald\/\" class=\"benefits-grid-ico layzr-bg fadeInDown animate-element\"><img loading=\"lazy\" decoding=\"async\" class=\"lazy-load\" src=\"data:image\/svg+xml;charset=utf-8,%3Csvg xmlns%3D&#039;http%3A%2F%2Fwww.w3.org%2F2000%2Fsvg&#039; viewBox%3D&#039;0 0 241 200&#039;%2F%3E\" width=\"241\" height=\"200\" alt=\"&lt;h2&gt;Faltenbehandlung&lt;\/h2&gt;\" data-srcset=\"https:\/\/www.medical-aesthetics.de\/wp-content\/uploads\/2013\/09\/faltenbehandlung.jpg 241w\" data-src=\"https:\/\/www.medical-aesthetics.de\/wp-content\/uploads\/2013\/09\/faltenbehandlung.jpg\" \/><\/a><h5 class=\"benefit-title\"><a href=\"https:\/\/www.medical-aesthetics.de\/faltenbehandlung-muenchen-gruenwald\/\"><h2>Faltenbehandlung<\/h2><\/a><\/h5><\/div><\/div><\/div><\/div><\/section>[vc_empty_space height=&#8221;40px&#8221;]<\/p>\n<\/div>","protected":false},"excerpt":{"rendered":"<p>[vc_row type=&#8221;1&#8243; bg_repeat=&#8221;repeat&#8221; padding_top=&#8221;55&#8243; padding_bottom=&#8221;20&#8243;][vc_column width=&#8221;1\/2&#8243;][vc_empty_space height=&#8221;10px&#8221;][vc_empty_space height=&#8221;20px&#8221;][vc_empty_space height=&#8221;40px&#8221;][vc_single_image image=&#8221;37404&#8243; img_size=&#8221;full&#8221; alignment=&#8221;center&#8221; css_animation=&#8221;fadeInLeft&#8221;][\/vc_column][vc_column width=&#8221;1\/2&#8243;][vc_column_text] FracTotal &#8211; FORMA und Fractora M\u00fcnchen [\/vc_column_text][vc_empty_space height=&#8221;30px&#8221;][vc_column_text]Reduziert Falten und strafft Haut mit sehr kurzer Ausfallzeit Fractora ist ein ablatives Radiofrequenz-Verfahren, das je nach Energieeinstellung entweder eine Mikroperforation der Haut bewirkt oder aber bei hohen Parametern auch tief fraktioniert abladieren kann.&hellip;<\/p>\n","protected":false},"author":1,"featured_media":0,"parent":0,"menu_order":0,"comment_status":"closed","ping_status":"closed","template":"","meta":{"footnotes":""},"class_list":["post-37402","page","type-page","status-publish","hentry","description-off"],"translation":{"provider":"WPGlobus","version":"3.0.0","language":"en","enabled_languages":["de","en","ru","ar"],"languages":{"de":{"title":true,"content":true,"excerpt":false},"en":{"title":false,"content":false,"excerpt":false},"ru":{"title":false,"content":false,"excerpt":false},"ar":{"title":false,"content":false,"excerpt":false}}},"aioseo_notices":[],"_links":{"self":[{"href":"https:\/\/www.medical-aesthetics.de\/en\/wp-json\/wp\/v2\/pages\/37402","targetHints":{"allow":["GET"]}}],"collection":[{"href":"https:\/\/www.medical-aesthetics.de\/en\/wp-json\/wp\/v2\/pages"}],"about":[{"href":"https:\/\/www.medical-aesthetics.de\/en\/wp-json\/wp\/v2\/types\/page"}],"author":[{"embeddable":true,"href":"https:\/\/www.medical-aesthetics.de\/en\/wp-json\/wp\/v2\/users\/1"}],"replies":[{"embeddable":true,"href":"https:\/\/www.medical-aesthetics.de\/en\/wp-json\/wp\/v2\/comments?post=37402"}],"version-history":[{"count":0,"href":"https:\/\/www.medical-aesthetics.de\/en\/wp-json\/wp\/v2\/pages\/37402\/revisions"}],"wp:attachment":[{"href":"https:\/\/www.medical-aesthetics.de\/en\/wp-json\/wp\/v2\/media?parent=37402"}],"curies":[{"name":"wp","href":"https:\/\/api.w.org\/{rel}","templated":true}]}}