{"id":37321,"date":"2018-06-15T15:24:11","date_gmt":"2018-06-15T14:24:11","guid":{"rendered":"https:\/\/www.medical-aesthetics.de\/?page_id=37321"},"modified":"2018-06-15T15:24:56","modified_gmt":"2018-06-15T14:24:56","slug":"narbenbehandlung-in-muenchen","status":"publish","type":"page","link":"https:\/\/www.medical-aesthetics.de\/ar\/narbenbehandlung-in-muenchen\/","title":{"rendered":"NARBENBEHANDLUNG"},"content":{"rendered":"<div class=\"wpb-content-wrapper\"><p>[vc_row type=&#8221;1&#8243; bg_repeat=&#8221;repeat&#8221; padding_top=&#8221;55&#8243; padding_bottom=&#8221;20&#8243;][vc_column width=&#8221;1\/2&#8243;][vc_single_image image=&#8221;36740&#8243; img_size=&#8221;546&#215;500&#8243; alignment=&#8221;center&#8221; css_animation=&#8221;fadeInLeft&#8221;][vc_empty_space height=&#8221;10px&#8221;][vc_empty_space height=&#8221;20px&#8221;][vc_empty_space height=&#8221;40px&#8221;][\/vc_column][vc_column width=&#8221;1\/2&#8243;][vc_column_text]<\/p>\n<h1 style=\"text-align: center;\">NARBENBEHANDLUNG M\u00dcNCHEN<\/h1>\n<p>[\/vc_column_text][vc_empty_space height=&#8221;20px&#8221;][vc_column_text]Sie jucken, spannen, schmerzen und sind oft unangenehm: Narben. Dabei st\u00f6ren sie nicht nur das Hautbild und k\u00f6nnen einen \u00e4u\u00dferlichen Schmerz hervorrufen, sondern schmerzen h\u00e4ufig auch innerlich. Denn Narben sind sichtbare Erinnerungen an den Unfall, die Verbrennung, die Operation oder ein sonstiges schmerzhaftes Ereignis, das zur Narbenbildung f\u00fchrte. Aus diesem Grund bietet Fach\u00e4rztin Dr. Frohn in M\u00fcnchen eine professionelle Narbenbehandlung an, welche das Erscheinungsbild der Narben g\u00fcnstig beeinflusst.<br \/>\nDabei ist Narbe nicht gleich Narbe. Denn man unterscheidet man zwischen unterschiedlichen Narben-Auspr\u00e4gungen. Neben den atrophen (eingesunkenen) Narben gibt es hypertrophe (\u00fcberschie\u00dfende) Narben sowie andere Auspr\u00e4gungen, die seltener sind. Unabh\u00e4ngig davon, welcher Art Ihre Narben sind, kann eine Narbenbehandlung in M\u00fcnchen Ihre Narben mindern.<br \/>\n[\/vc_column_text][\/vc_column][vc_column][vc_column_text]F\u00fcr jede Narbe die passende Behandlung<\/p>\n<p>W\u00e4hrend eingesunkene Narben durch Unterspritzung mit F\u00fcllsubstanzen behandelt werden, verwendet man bei \u00fcberschie\u00dfenden Narben Proliferationshemmer zur Unterspritzung. Bei der Narbenbehandlung in M\u00fcnchen gilt immer: Je fr\u00fcher eine Narbe behandelt wird, desto bessere Ergebnisse k\u00f6nnen erzielt werden. Z\u00f6gern Sie daher nicht, sondern kommen Sie \u2013 wenn m\u00f6glich \u2013 schnell in die Praxis von Fach\u00e4rztin Dr. Frohn in M\u00fcnchen und lassen Sie sich fachkundig rund um das Thema Narbenbehandlung beraten!<\/p>\n<p>Eine effiziente Narbenbehandlung liegt Fach\u00e4rztin Dr. Frohn und Ihrem Team besonders am Herzen, da Narben den Patienten stark belasten k\u00f6nnen. Insbesondere wenn die Narben an exponierten Stellen wie zum Beispiel im Gesicht auftreten, kann es das Selbstwertgef\u00fchl mindern. Jeder Blick in den Spiegel wird zum Blick auf das meist schmerzhafte Ereignis, das die Narbe ausgel\u00f6st hat. F\u00fcr eine effektive Narbenbehandlung bieten wir neben dem Unterspritzen deshalb noch weitere Behandlungen mit speziellen Cremes oder Silikonpflastern an. Dar\u00fcber hinaus sind meist mehrere Sitzungen notwendig, um Narben erfolgreich behandeln zu k\u00f6nnen.<\/p>\n<p>Sollten auch Sie sich st\u00f6rende Narben zugezogen haben, vereinbaren Sie einen Termin f\u00fcr eine pers\u00f6nliche Beratung und eine effektive Narbenbehandlung in der Praxis von Fach\u00e4rztin Dr. Frohn in M\u00fcnchen![\/vc_column_text][\/vc_column][\/vc_row][vc_row][vc_column][vc_column_text]<br \/>\n[\/vc_column_text][\/vc_column][\/vc_row][vc_row margin_top=&#8221;5&#8243; margin_bottom=&#8221;20&#8243;][\/vc_row][vc_column offset=&#8221;vc_col-lg-12 vc_col-md-12 vc_col-xs-12&#8243;][\/vc_column]<section id=\"benefits-grid-1\" class=\"benefits-grid wf-container light-bg light-hover-bg custom-icon-color accent-icon-hover-color\" data-width=\"250px\" data-columns=\"3\"><style type=\"text\/css\">#benefits-grid-1 .benefits-grid-ico > i { font-size: 80px; line-height: 80px; }#benefits-grid-1.custom-icon-color .benefits-grid-ico > i,\n\t\t\t\t\t#benefits-grid-1.custom-icon-color .benefits-grid-ico > i:before { color: #ffffff; }<\/style><div class=\"wf-cell\"><div><div class=\"text-small\"><div class=\"benefit-line-decoration\"><a href=\"https:\/\/www.medical-aesthetics.de\/vanquish-me-radiofrequenz-muenchen\/\" class=\"benefits-grid-ico layzr-bg fadeInDown animate-element\"><img loading=\"lazy\" decoding=\"async\" class=\"lazy-load\" src=\"data:image\/svg+xml;charset=utf-8,%3Csvg xmlns%3D&#039;http%3A%2F%2Fwww.w3.org%2F2000%2Fsvg&#039; viewBox%3D&#039;0 0 241 200&#039;%2F%3E\" width=\"241\" height=\"200\" alt=\"&lt;h2&gt;Vanquish Me&lt;\/h2&gt;\" data-srcset=\"https:\/\/www.medical-aesthetics.de\/wp-content\/uploads\/2013\/09\/kryolipolyse.jpg 241w\" data-src=\"https:\/\/www.medical-aesthetics.de\/wp-content\/uploads\/2013\/09\/kryolipolyse.jpg\" \/><\/a><h5 class=\"benefit-title\"><a href=\"https:\/\/www.medical-aesthetics.de\/vanquish-me-radiofrequenz-muenchen\/\"><h2>Vanquish Me<\/h2><\/a><\/h5><\/div><\/div><\/div><\/div><div class=\"wf-cell\"><div><div class=\"text-small\"><div class=\"benefit-line-decoration\"><a href=\"https:\/\/www.medical-aesthetics.de\/fadenlifting-muenchen-softlifting-gruenwald\/\" class=\"benefits-grid-ico layzr-bg fadeInDown animate-element\"><img loading=\"lazy\" decoding=\"async\" class=\"lazy-load\" src=\"data:image\/svg+xml;charset=utf-8,%3Csvg xmlns%3D&#039;http%3A%2F%2Fwww.w3.org%2F2000%2Fsvg&#039; viewBox%3D&#039;0 0 241 200&#039;%2F%3E\" width=\"241\" height=\"200\" alt=\"&lt;h2&gt;Fadenlifting&lt;\/h2&gt;\" data-srcset=\"https:\/\/www.medical-aesthetics.de\/wp-content\/uploads\/2013\/09\/fadenlifting.jpg 241w\" data-src=\"https:\/\/www.medical-aesthetics.de\/wp-content\/uploads\/2013\/09\/fadenlifting.jpg\" \/><\/a><h5 class=\"benefit-title\"><a href=\"https:\/\/www.medical-aesthetics.de\/fadenlifting-muenchen-softlifting-gruenwald\/\"><h2>Fadenlifting<\/h2><\/a><\/h5><\/div><\/div><\/div><\/div><div class=\"wf-cell\"><div><div class=\"text-small\"><div class=\"benefit-line-decoration\"><a href=\"https:\/\/www.medical-aesthetics.de\/faltenbehandlung-muenchen-gruenwald\/\" class=\"benefits-grid-ico layzr-bg fadeInDown animate-element\"><img loading=\"lazy\" decoding=\"async\" class=\"lazy-load\" src=\"data:image\/svg+xml;charset=utf-8,%3Csvg xmlns%3D&#039;http%3A%2F%2Fwww.w3.org%2F2000%2Fsvg&#039; viewBox%3D&#039;0 0 241 200&#039;%2F%3E\" width=\"241\" height=\"200\" alt=\"&lt;h2&gt;Faltenbehandlung&lt;\/h2&gt;\" data-srcset=\"https:\/\/www.medical-aesthetics.de\/wp-content\/uploads\/2013\/09\/faltenbehandlung.jpg 241w\" data-src=\"https:\/\/www.medical-aesthetics.de\/wp-content\/uploads\/2013\/09\/faltenbehandlung.jpg\" \/><\/a><h5 class=\"benefit-title\"><a href=\"https:\/\/www.medical-aesthetics.de\/faltenbehandlung-muenchen-gruenwald\/\"><h2>Faltenbehandlung<\/h2><\/a><\/h5><\/div><\/div><\/div><\/div><\/section>[vc_empty_space height=&#8221;40px&#8221;]<\/p>\n<\/div>","protected":false},"excerpt":{"rendered":"<p>[vc_row type=&#8221;1&#8243; bg_repeat=&#8221;repeat&#8221; padding_top=&#8221;55&#8243; padding_bottom=&#8221;20&#8243;][vc_column width=&#8221;1\/2&#8243;][vc_single_image image=&#8221;36740&#8243; img_size=&#8221;546&#215;500&#8243; alignment=&#8221;center&#8221; css_animation=&#8221;fadeInLeft&#8221;][vc_empty_space height=&#8221;10px&#8221;][vc_empty_space height=&#8221;20px&#8221;][vc_empty_space height=&#8221;40px&#8221;][\/vc_column][vc_column width=&#8221;1\/2&#8243;][vc_column_text] NARBENBEHANDLUNG M\u00dcNCHEN [\/vc_column_text][vc_empty_space height=&#8221;20px&#8221;][vc_column_text]Sie jucken, spannen, schmerzen und sind oft unangenehm: Narben. Dabei st\u00f6ren sie nicht nur das Hautbild und k\u00f6nnen einen \u00e4u\u00dferlichen Schmerz hervorrufen, sondern schmerzen h\u00e4ufig auch innerlich. Denn Narben sind sichtbare Erinnerungen an den Unfall, die Verbrennung, die&hellip;<\/p>\n","protected":false},"author":1,"featured_media":0,"parent":0,"menu_order":0,"comment_status":"closed","ping_status":"closed","template":"","meta":{"footnotes":""},"class_list":["post-37321","page","type-page","status-publish","hentry","description-off"],"translation":{"provider":"WPGlobus","version":"3.0.0","language":"ar","enabled_languages":["de","en","ru","ar"],"languages":{"de":{"title":true,"content":true,"excerpt":false},"en":{"title":true,"content":true,"excerpt":false},"ru":{"title":false,"content":true,"excerpt":false},"ar":{"title":false,"content":true,"excerpt":false}}},"aioseo_notices":[],"_links":{"self":[{"href":"https:\/\/www.medical-aesthetics.de\/ar\/wp-json\/wp\/v2\/pages\/37321","targetHints":{"allow":["GET"]}}],"collection":[{"href":"https:\/\/www.medical-aesthetics.de\/ar\/wp-json\/wp\/v2\/pages"}],"about":[{"href":"https:\/\/www.medical-aesthetics.de\/ar\/wp-json\/wp\/v2\/types\/page"}],"author":[{"embeddable":true,"href":"https:\/\/www.medical-aesthetics.de\/ar\/wp-json\/wp\/v2\/users\/1"}],"replies":[{"embeddable":true,"href":"https:\/\/www.medical-aesthetics.de\/ar\/wp-json\/wp\/v2\/comments?post=37321"}],"version-history":[{"count":0,"href":"https:\/\/www.medical-aesthetics.de\/ar\/wp-json\/wp\/v2\/pages\/37321\/revisions"}],"wp:attachment":[{"href":"https:\/\/www.medical-aesthetics.de\/ar\/wp-json\/wp\/v2\/media?parent=37321"}],"curies":[{"name":"wp","href":"https:\/\/api.w.org\/{rel}","templated":true}]}}